{"id":985,"date":"2024-07-18T20:35:33","date_gmt":"2024-07-18T19:35:33","guid":{"rendered":"https:\/\/www.weecando.com\/?post_type=product&#038;p=985"},"modified":"2025-07-01T18:29:21","modified_gmt":"2025-07-01T17:29:21","slug":"20-jobs-workplaces-descriptions-plik-pdf","status":"publish","type":"product","link":"https:\/\/www.weecando.com\/en\/product\/20-jobs-workplaces-descriptions-plik-pdf\/","title":{"rendered":"20 JOBS + WORKPLACES + DESCRIPTIONS PLIK PDF"},"content":{"rendered":"<div dir=\"auto\"><span class=\"html-span xexx8yu x4uap5 x18d9i69 xkhd6sd x1hl2dhg x16tdsg8 x1vvkbs x3nfvp2 x1j61x8r x1fcty0u xdj266r xat24cr xgzva0m xhhsvwb xxymvpz xlup9mm x1kky2od\"><img decoding=\"async\" class=\"xz74otr\" src=\"https:\/\/static.xx.fbcdn.net\/images\/emoji.php\/v9\/t4f\/1\/16\/1f468_1f3fb_200d_1f33e.png\" alt=\"\ud83d\udc68\ud83c\udffb\u200d\ud83c\udf3e\" width=\"16\" height=\"16\" \/><\/span>20 JOBS + WORKPLACES + DESCRIPTIONS PLIK PDF <span class=\"html-span xexx8yu x4uap5 x18d9i69 xkhd6sd x1hl2dhg x16tdsg8 x1vvkbs x3nfvp2 x1j61x8r x1fcty0u xdj266r xat24cr xgzva0m xhhsvwb xxymvpz xlup9mm x1kky2od\"><img decoding=\"async\" class=\"xz74otr\" src=\"https:\/\/static.xx.fbcdn.net\/images\/emoji.php\/v9\/t49\/1\/16\/1f9d1_1f3fb_200d_1f373.png\" alt=\"\ud83e\uddd1\ud83c\udffb\u200d\ud83c\udf73\" width=\"16\" height=\"16\" \/><\/span><span class=\"html-span xexx8yu x4uap5 x18d9i69 xkhd6sd x1hl2dhg x16tdsg8 x1vvkbs x3nfvp2 x1j61x8r x1fcty0u xdj266r xat24cr xgzva0m xhhsvwb xxymvpz xlup9mm x1kky2od\"><img decoding=\"async\" class=\"xz74otr\" src=\"https:\/\/static.xx.fbcdn.net\/images\/emoji.php\/v9\/t79\/1\/16\/1f469_1f3fb_200d_1f3eb.png\" alt=\"\ud83d\udc69\ud83c\udffb\u200d\ud83c\udfeb\" width=\"16\" height=\"16\" \/><\/span><\/div>\n<div dir=\"auto\"><\/div>\n<div dir=\"auto\"><span class=\"html-span xexx8yu x4uap5 x18d9i69 xkhd6sd x1hl2dhg x16tdsg8 x1vvkbs x3nfvp2 x1j61x8r x1fcty0u xdj266r xat24cr xgzva0m xhhsvwb xxymvpz xlup9mm x1kky2od\"><img decoding=\"async\" class=\"xz74otr\" src=\"https:\/\/static.xx.fbcdn.net\/images\/emoji.php\/v9\/t79\/1\/16\/1f469_1f3fb_200d_1f3eb.png\" alt=\"\ud83d\udc69\ud83c\udffb\u200d\ud83c\udfeb\" width=\"16\" height=\"16\" \/>Plik PDF zawiera 20 zawod\u00f3w, miejsca pracy oraz opisy w j\u0119zyku angielskim.<\/span><\/div>\n<div dir=\"auto\"><\/div>\n<div dir=\"auto\"><span class=\"html-span xexx8yu x4uap5 x18d9i69 xkhd6sd x1hl2dhg x16tdsg8 x1vvkbs x3nfvp2 x1j61x8r x1fcty0u xdj266r xat24cr xgzva0m xhhsvwb xxymvpz xlup9mm x1kky2od\"><img loading=\"lazy\" decoding=\"async\" class=\"xz74otr\" src=\"https:\/\/static.xx.fbcdn.net\/images\/emoji.php\/v9\/t5\/1\/16\/1f9e9.png\" alt=\"\ud83e\udde9\" width=\"16\" height=\"16\" \/><\/span>PROPOZYCJE ZABAW<span class=\"html-span xexx8yu x4uap5 x18d9i69 xkhd6sd x1hl2dhg x16tdsg8 x1vvkbs x3nfvp2 x1j61x8r x1fcty0u xdj266r xat24cr xgzva0m xhhsvwb xxymvpz xlup9mm x1kky2od\"><img loading=\"lazy\" decoding=\"async\" class=\"xz74otr\" src=\"https:\/\/static.xx.fbcdn.net\/images\/emoji.php\/v9\/t5\/1\/16\/1f9e9.png\" alt=\"\ud83e\udde9\" width=\"16\" height=\"16\" \/><\/span><\/div>\n<div dir=\"auto\">1. Talerzykowa zabawa &#8211; wycinamy elementy i naklejamy na papierowe talerzyki.<\/div>\n<div dir=\"auto\">2. Zdania &#8211; nauczyciel pisze zdania na tablicy i przyczepia obrazki zawod\u00f3w i miejsc pracy (przyczepiany na najklejki magnetyczne lub mas\u0119 mocuj\u0105ca)<\/div>\n<div dir=\"auto\">3. Dopasowanie &#8211; wycinamy elementy (obrazek i nazwe zawodu, miejsce pracy + opis) uczniowie dopasowuj\u0105 na tablicy. Przyczepiamy na naklejki magnetyczne lub\u00a0<img loading=\"lazy\" decoding=\"async\" class=\"xz74otr\" src=\"https:\/\/static.xx.fbcdn.net\/images\/emoji.php\/v9\/ta6\/1\/16\/1f46e_1f3fb_200d_2642.png\" alt=\"\ud83d\udc6e\ud83c\udffb\u200d\u2642\ufe0f\" width=\"16\" height=\"16\" \/>mas\u0119 mocuj\u0105ca<\/div>\n<div dir=\"auto\">4. Memory &#8211; znajd\u017a 3 cz\u0119\u015bci (obrazek + nazwa zawodu + opis)<\/div>","protected":false},"excerpt":{"rendered":"<div dir=\"auto\"><span class=\"html-span xexx8yu x4uap5 x18d9i69 xkhd6sd x1hl2dhg x16tdsg8 x1vvkbs x3nfvp2 x1j61x8r x1fcty0u xdj266r xat24cr xgzva0m xhhsvwb xxymvpz xlup9mm x1kky2od\"><img decoding=\"async\" class=\"xz74otr\" src=\"https:\/\/static.xx.fbcdn.net\/images\/emoji.php\/v9\/t4f\/1\/16\/1f468_1f3fb_200d_1f33e.png\" alt=\"\ud83d\udc68\ud83c\udffb\u200d\ud83c\udf3e\" width=\"16\" height=\"16\" \/><\/span>20 JOBS + WORKPLACES + DESCRIPTIONS PLIK PDF <span class=\"html-span xexx8yu x4uap5 x18d9i69 xkhd6sd x1hl2dhg x16tdsg8 x1vvkbs x3nfvp2 x1j61x8r x1fcty0u xdj266r xat24cr xgzva0m xhhsvwb xxymvpz xlup9mm x1kky2od\"><img decoding=\"async\" class=\"xz74otr\" src=\"https:\/\/static.xx.fbcdn.net\/images\/emoji.php\/v9\/t49\/1\/16\/1f9d1_1f3fb_200d_1f373.png\" alt=\"\ud83e\uddd1\ud83c\udffb\u200d\ud83c\udf73\" width=\"16\" height=\"16\" \/><\/span><span class=\"html-span xexx8yu x4uap5 x18d9i69 xkhd6sd x1hl2dhg x16tdsg8 x1vvkbs x3nfvp2 x1j61x8r x1fcty0u xdj266r xat24cr xgzva0m xhhsvwb xxymvpz xlup9mm x1kky2od\"><img decoding=\"async\" class=\"xz74otr\" src=\"https:\/\/static.xx.fbcdn.net\/images\/emoji.php\/v9\/t79\/1\/16\/1f469_1f3fb_200d_1f3eb.png\" alt=\"\ud83d\udc69\ud83c\udffb\u200d\ud83c\udfeb\" width=\"16\" height=\"16\" \/><\/span><\/div>\n<div dir=\"auto\"><\/div>\n<div dir=\"auto\"><span class=\"html-span xexx8yu x4uap5 x18d9i69 xkhd6sd x1hl2dhg x16tdsg8 x1vvkbs x3nfvp2 x1j61x8r x1fcty0u xdj266r xat24cr xgzva0m xhhsvwb xxymvpz xlup9mm x1kky2od\"><img decoding=\"async\" class=\"xz74otr\" src=\"https:\/\/static.xx.fbcdn.net\/images\/emoji.php\/v9\/t79\/1\/16\/1f469_1f3fb_200d_1f3eb.png\" alt=\"\ud83d\udc69\ud83c\udffb\u200d\ud83c\udfeb\" width=\"16\" height=\"16\" \/>Plik PDF zawiera 20 zawod\u00f3w, miejsca pracy oraz opisy w j\u0119zyku angielskim.<\/span><\/div>\n<div dir=\"auto\"><\/div>\n<div dir=\"auto\"><span class=\"html-span xexx8yu x4uap5 x18d9i69 xkhd6sd x1hl2dhg x16tdsg8 x1vvkbs x3nfvp2 x1j61x8r x1fcty0u xdj266r xat24cr xgzva0m xhhsvwb xxymvpz xlup9mm x1kky2od\"><img loading=\"lazy\" decoding=\"async\" class=\"xz74otr\" src=\"https:\/\/static.xx.fbcdn.net\/images\/emoji.php\/v9\/t5\/1\/16\/1f9e9.png\" alt=\"\ud83e\udde9\" width=\"16\" height=\"16\" \/><\/span>PROPOZYCJE ZABAW<span class=\"html-span xexx8yu x4uap5 x18d9i69 xkhd6sd x1hl2dhg x16tdsg8 x1vvkbs x3nfvp2 x1j61x8r x1fcty0u xdj266r xat24cr xgzva0m xhhsvwb xxymvpz xlup9mm x1kky2od\"><img loading=\"lazy\" decoding=\"async\" class=\"xz74otr\" src=\"https:\/\/static.xx.fbcdn.net\/images\/emoji.php\/v9\/t5\/1\/16\/1f9e9.png\" alt=\"\ud83e\udde9\" width=\"16\" height=\"16\" \/><\/span><\/div>\n<div dir=\"auto\">1. Talerzykowa zabawa &#8211; wycinamy elementy i naklejamy na papierowe talerzyki.<\/div>\n<div dir=\"auto\">2. Zdania &#8211; nauczyciel pisze zdania na tablicy i przyczepia obrazki zawod\u00f3w i miejsc pracy (przyczepiany na najklejki magnetyczne lub mas\u0119 mocuj\u0105ca)<\/div>\n<div dir=\"auto\">3. Dopasowanie &#8211; wycinamy elementy (obrazek i nazwe zawodu, miejsce pracy + opis) uczniowie dopasowuj\u0105 na tablicy. Przyczepiamy na naklejki magnetyczne lub\u00a0<img loading=\"lazy\" decoding=\"async\" class=\"xz74otr\" src=\"https:\/\/static.xx.fbcdn.net\/images\/emoji.php\/v9\/ta6\/1\/16\/1f46e_1f3fb_200d_2642.png\" alt=\"\ud83d\udc6e\ud83c\udffb\u200d\u2642\ufe0f\" width=\"16\" height=\"16\" \/>mas\u0119 mocuj\u0105ca<\/div>\n<div dir=\"auto\">4. Memory &#8211; znajd\u017a 3 cz\u0119\u015bci (obrazek + nazwa zawodu + opis)<\/div>","protected":false},"featured_media":996,"comment_status":"open","ping_status":"closed","template":"","meta":{"_eb_attr":""},"product_brand":[],"product_cat":[125,121],"product_tag":[134,132,133],"class_list":{"0":"post-985","1":"product","2":"type-product","3":"status-publish","4":"has-post-thumbnail","6":"product_cat-dekoracje","7":"product_cat-jezyk-angielski","8":"product_tag-diy","9":"product_tag-jobs","10":"product_tag-workplaces","12":"first","13":"instock","14":"downloadable","15":"taxable","16":"shipping-taxable","17":"purchasable","18":"product-type-simple"},"jetpack_sharing_enabled":true,"_links":{"self":[{"href":"https:\/\/www.weecando.com\/en\/wp-json\/wp\/v2\/product\/985","targetHints":{"allow":["GET"]}}],"collection":[{"href":"https:\/\/www.weecando.com\/en\/wp-json\/wp\/v2\/product"}],"about":[{"href":"https:\/\/www.weecando.com\/en\/wp-json\/wp\/v2\/types\/product"}],"replies":[{"embeddable":true,"href":"https:\/\/www.weecando.com\/en\/wp-json\/wp\/v2\/comments?post=985"}],"wp:featuredmedia":[{"embeddable":true,"href":"https:\/\/www.weecando.com\/en\/wp-json\/wp\/v2\/media\/996"}],"wp:attachment":[{"href":"https:\/\/www.weecando.com\/en\/wp-json\/wp\/v2\/media?parent=985"}],"wp:term":[{"taxonomy":"product_brand","embeddable":true,"href":"https:\/\/www.weecando.com\/en\/wp-json\/wp\/v2\/product_brand?post=985"},{"taxonomy":"product_cat","embeddable":true,"href":"https:\/\/www.weecando.com\/en\/wp-json\/wp\/v2\/product_cat?post=985"},{"taxonomy":"product_tag","embeddable":true,"href":"https:\/\/www.weecando.com\/en\/wp-json\/wp\/v2\/product_tag?post=985"}],"curies":[{"name":"wp","href":"https:\/\/api.w.org\/{rel}","templated":true}]}}