{"id":848,"date":"2024-07-02T17:08:37","date_gmt":"2024-07-02T16:08:37","guid":{"rendered":"https:\/\/www.weecando.com\/?post_type=product&#038;p=848"},"modified":"2025-06-25T00:41:55","modified_gmt":"2025-06-24T23:41:55","slug":"angielski-w-przedszkolu-scenariusze-zajec-na-pazdziernik","status":"publish","type":"product","link":"https:\/\/www.weecando.com\/en\/product\/angielski-w-przedszkolu-scenariusze-zajec-na-pazdziernik\/","title":{"rendered":"Angielski w przedszkolu: scenariusze zaj\u0119\u0107 na PA\u0179DZIERNIK"},"content":{"rendered":"<p>Ka\u017cdy ze scenariuszy jest opracowany dla trzech grup wiekowych: maluch\u00f3w (3 lata), \u015bredniak\u00f3w (4 lata) i starszak\u00f3w (5-6 lat).<\/p>\n<p>Jest ich 8, wi\u0119c sprawdz\u0105 si\u0119 idealnie, je\u017celi angielski jest prowadzony w ka\u017cdej z grup 2 razy w tygodniu.<\/p>\n<p><strong>Co zawieraj\u0105 scenariusze zaj\u0119\u0107?<\/strong><br \/>\n\u2013 s\u0142ownictwo i zwroty do wprowadzenia na poszczeg\u00f3lnych zaj\u0119ciach;<br \/>\n\u2013 temat zaj\u0119\u0107 do wpisania do dziennika (zgodnie z zaleceniem wi\u0119kszo\u015bci plac\u00f3wek sformu\u0142owany cz\u0119\u015bciowo po angielsku, cz\u0119\u015bciowo po polsku);<br \/>\n\u2013 spis potrzebnych materia\u0142\u00f3w w postaci wygodnej listy do odznaczania \u2013 szablony, karty czy karty pracy do druku dost\u0119pne w zestawie pdf na t\u0119 por\u0119 roku<br \/>\n\u2013 przebieg zaj\u0119\u0107 ze szczeg\u00f3\u0142owo opisanymi krokami<\/p>\n<p><strong>Plany zaj\u0119\u0107 s\u0105 idealnym rozwi\u0105zaniem dla Ciebie, je\u015bli\u2026<\/strong><br \/>\n\u2013 jeste\u015b zaanga\u017cowan\u0105 nauczycielk\u0105 i chcia\u0142aby\u015b mie\u0107 wi\u0119cej energii podczas zaj\u0119\u0107, nie musz\u0105c sp\u0119dza\u0107 godzin na ich wcze\u015bniejszym przygotowaniu;<br \/>\n\u2013 chcesz zyska\u0107 dodatkowy czas, otrzymuj\u0105c gotowy rozk\u0142ad materia\u0142u i tematy do wpisania do dziennika \u2013 by nie martwi\u0107 si\u0119 kwesti\u0105 dokumentacji;<br \/>\n\u2013 zakupi\u0142a\u015b zestaw materia\u0142\u00f3w pdf Autum Pack i chcia\u0142aby\u015b odkry\u0107 jeszcze wi\u0119cej sposob\u00f3w na jego wykorzystanie<\/p>","protected":false},"excerpt":{"rendered":"<p>Scenariusze zaj\u0119\u0107 przedszkolnych na ca\u0142y pa\u017adziernik dla trzech grup wiekowych<\/p>","protected":false},"featured_media":849,"comment_status":"open","ping_status":"closed","template":"","meta":{"_eb_attr":""},"product_brand":[],"product_cat":[121],"product_tag":[128,130,127,129],"class_list":{"0":"post-848","1":"product","2":"type-product","3":"status-publish","4":"has-post-thumbnail","6":"product_cat-jezyk-angielski","7":"product_tag-angielski","8":"product_tag-konspekty","9":"product_tag-przedszkole","10":"product_tag-scenariusze","12":"first","13":"instock","14":"downloadable","15":"taxable","16":"shipping-taxable","17":"purchasable","18":"product-type-simple"},"jetpack_sharing_enabled":true,"_links":{"self":[{"href":"https:\/\/www.weecando.com\/en\/wp-json\/wp\/v2\/product\/848","targetHints":{"allow":["GET"]}}],"collection":[{"href":"https:\/\/www.weecando.com\/en\/wp-json\/wp\/v2\/product"}],"about":[{"href":"https:\/\/www.weecando.com\/en\/wp-json\/wp\/v2\/types\/product"}],"replies":[{"embeddable":true,"href":"https:\/\/www.weecando.com\/en\/wp-json\/wp\/v2\/comments?post=848"}],"wp:featuredmedia":[{"embeddable":true,"href":"https:\/\/www.weecando.com\/en\/wp-json\/wp\/v2\/media\/849"}],"wp:attachment":[{"href":"https:\/\/www.weecando.com\/en\/wp-json\/wp\/v2\/media?parent=848"}],"wp:term":[{"taxonomy":"product_brand","embeddable":true,"href":"https:\/\/www.weecando.com\/en\/wp-json\/wp\/v2\/product_brand?post=848"},{"taxonomy":"product_cat","embeddable":true,"href":"https:\/\/www.weecando.com\/en\/wp-json\/wp\/v2\/product_cat?post=848"},{"taxonomy":"product_tag","embeddable":true,"href":"https:\/\/www.weecando.com\/en\/wp-json\/wp\/v2\/product_tag?post=848"}],"curies":[{"name":"wp","href":"https:\/\/api.w.org\/{rel}","templated":true}]}}