{"id":794,"date":"2024-06-25T14:39:27","date_gmt":"2024-06-25T13:39:27","guid":{"rendered":"https:\/\/www.weecando.com\/?post_type=product&#038;p=794"},"modified":"2025-03-14T00:10:34","modified_gmt":"2025-03-13T23:10:34","slug":"angielski-w-przedszkolu-summer-pack-materialow-pdf","status":"publish","type":"product","link":"https:\/\/www.weecando.com\/en\/product\/angielski-w-przedszkolu-summer-pack-materialow-pdf\/","title":{"rendered":"Angielski w przedszkolu: Summer Pack materia\u0142\u00f3w pdf"},"content":{"rendered":"<p>Co znajd\u0119 w zestawie Angielski w przedszkolu: Summer Pack?<\/p>\n<p>Materia\u0142y pdf (flashcards, karty pracy, gry, szablony do przeprowadzenia zabaw j\u0119zykowych itd.) wraz z instrukcjami ich wykorzystania w obr\u0119bie obszar\u00f3w tematycznych realizowanych latem:<\/p>\n<ul>\n<li>summer &amp; summer holidays\u27a1\ufe0flato i wakacje<\/li>\n<li>zoo animals\u27a1\ufe0f zwierz\u0119ta w zoo<\/li>\n<li>Mother\u2019s Day &amp; Father\u2019s Day\u27a1\ufe0f dzie\u0144 mamy i dzie\u0144 taty<\/li>\n<li>sports\u27a1\ufe0fsporty<\/li>\n<li>holiday places\u27a1\ufe0fwakacyjne miejsca<\/li>\n<li>Oceans Day\u27a1\ufe0fDzie\u0144 Ocean\u00f3w<\/li>\n<\/ul>","protected":false},"excerpt":{"rendered":"<p>Zestaw materia\u0142\u00f3w pdf na prze\u0142om wiosny i lata do nauczania angielskiego w przedszkolu<\/p>","protected":false},"featured_media":795,"comment_status":"open","ping_status":"closed","template":"","meta":{"_eb_attr":""},"product_brand":[],"product_cat":[121],"product_tag":[],"class_list":{"0":"post-794","1":"product","2":"type-product","3":"status-publish","4":"has-post-thumbnail","6":"product_cat-jezyk-angielski","8":"first","9":"instock","10":"downloadable","11":"taxable","12":"shipping-taxable","13":"purchasable","14":"product-type-simple"},"jetpack_sharing_enabled":true,"_links":{"self":[{"href":"https:\/\/www.weecando.com\/en\/wp-json\/wp\/v2\/product\/794","targetHints":{"allow":["GET"]}}],"collection":[{"href":"https:\/\/www.weecando.com\/en\/wp-json\/wp\/v2\/product"}],"about":[{"href":"https:\/\/www.weecando.com\/en\/wp-json\/wp\/v2\/types\/product"}],"replies":[{"embeddable":true,"href":"https:\/\/www.weecando.com\/en\/wp-json\/wp\/v2\/comments?post=794"}],"wp:featuredmedia":[{"embeddable":true,"href":"https:\/\/www.weecando.com\/en\/wp-json\/wp\/v2\/media\/795"}],"wp:attachment":[{"href":"https:\/\/www.weecando.com\/en\/wp-json\/wp\/v2\/media?parent=794"}],"wp:term":[{"taxonomy":"product_brand","embeddable":true,"href":"https:\/\/www.weecando.com\/en\/wp-json\/wp\/v2\/product_brand?post=794"},{"taxonomy":"product_cat","embeddable":true,"href":"https:\/\/www.weecando.com\/en\/wp-json\/wp\/v2\/product_cat?post=794"},{"taxonomy":"product_tag","embeddable":true,"href":"https:\/\/www.weecando.com\/en\/wp-json\/wp\/v2\/product_tag?post=794"}],"curies":[{"name":"wp","href":"https:\/\/api.w.org\/{rel}","templated":true}]}}