{"id":792,"date":"2024-06-25T14:33:25","date_gmt":"2024-06-25T13:33:25","guid":{"rendered":"https:\/\/www.weecando.com\/?post_type=product&#038;p=792"},"modified":"2025-03-14T00:10:34","modified_gmt":"2025-03-13T23:10:34","slug":"angielski-w-przedszkolu-spring-pack-materialow-pdf","status":"publish","type":"product","link":"https:\/\/www.weecando.com\/en\/product\/angielski-w-przedszkolu-spring-pack-materialow-pdf\/","title":{"rendered":"Angielski w przedszkolu: Spring Pack materia\u0142\u00f3w pdf"},"content":{"rendered":"<p>Co znajd\u0119 w zestawie Angielski w przedszkolu: Spring Pack?<\/p>\n<p>Materia\u0142y pdf (flashcards, karty pracy, gry, szablony do przeprowadzenia zabaw j\u0119zykowych itd.) wraz z instrukcjami ich wykorzystania w obr\u0119bie obszar\u00f3w tematycznych realizowanych wiosn\u0105:<\/p>\n<ul>\n<li>spring\u27a1\ufe0fwiosna<\/li>\n<li>Easter\u27a1\ufe0fWielkanoc<\/li>\n<li>clothes\u27a1\ufe0fubrania<\/li>\n<li>pets\u27a1\ufe0fzwierz\u0119ta domowe<\/li>\n<li>farm animals\u27a1\ufe0fzwierz\u0119ta na wsi<\/li>\n<li>Earth Day\u27a1\ufe0fDzie\u0144 Ziemi<\/li>\n<li>the weather\u27a1\ufe0fpogoda<\/li>\n<\/ul>","protected":false},"excerpt":{"rendered":"<p>Zestaw materia\u0142\u00f3w pdf na wiosenne miesi\u0105ce do nauczania angielskiego w przedszkolu<\/p>","protected":false},"featured_media":793,"comment_status":"open","ping_status":"closed","template":"","meta":{"_eb_attr":""},"product_brand":[],"product_cat":[121],"product_tag":[],"class_list":{"0":"post-792","1":"product","2":"type-product","3":"status-publish","4":"has-post-thumbnail","6":"product_cat-jezyk-angielski","8":"first","9":"instock","10":"downloadable","11":"taxable","12":"shipping-taxable","13":"purchasable","14":"product-type-simple"},"jetpack_sharing_enabled":true,"_links":{"self":[{"href":"https:\/\/www.weecando.com\/en\/wp-json\/wp\/v2\/product\/792","targetHints":{"allow":["GET"]}}],"collection":[{"href":"https:\/\/www.weecando.com\/en\/wp-json\/wp\/v2\/product"}],"about":[{"href":"https:\/\/www.weecando.com\/en\/wp-json\/wp\/v2\/types\/product"}],"replies":[{"embeddable":true,"href":"https:\/\/www.weecando.com\/en\/wp-json\/wp\/v2\/comments?post=792"}],"wp:featuredmedia":[{"embeddable":true,"href":"https:\/\/www.weecando.com\/en\/wp-json\/wp\/v2\/media\/793"}],"wp:attachment":[{"href":"https:\/\/www.weecando.com\/en\/wp-json\/wp\/v2\/media?parent=792"}],"wp:term":[{"taxonomy":"product_brand","embeddable":true,"href":"https:\/\/www.weecando.com\/en\/wp-json\/wp\/v2\/product_brand?post=792"},{"taxonomy":"product_cat","embeddable":true,"href":"https:\/\/www.weecando.com\/en\/wp-json\/wp\/v2\/product_cat?post=792"},{"taxonomy":"product_tag","embeddable":true,"href":"https:\/\/www.weecando.com\/en\/wp-json\/wp\/v2\/product_tag?post=792"}],"curies":[{"name":"wp","href":"https:\/\/api.w.org\/{rel}","templated":true}]}}