{"id":788,"date":"2024-06-25T13:14:53","date_gmt":"2024-06-25T12:14:53","guid":{"rendered":"https:\/\/www.weecando.com\/?post_type=product&#038;p=788"},"modified":"2025-03-14T00:10:33","modified_gmt":"2025-03-13T23:10:33","slug":"angielski-w-przedszkolu-autumn-pack-materialow-pdf","status":"publish","type":"product","link":"https:\/\/www.weecando.com\/en\/product\/angielski-w-przedszkolu-autumn-pack-materialow-pdf\/","title":{"rendered":"Angielski w przedszkolu: Autumn Pack materia\u0142\u00f3w pdf"},"content":{"rendered":"<p>Co znajd\u0119 w zestawie Angielski w przedszkolu: Autumn Pack?<\/p>\n<p><img decoding=\"async\" src=\"https:\/\/lh3.googleusercontent.com\/Wan8fc-WLo70ZAvNf1FYF6kEbLayR8Q5KOaxvr5W07KsEILk9MpzBzEMOoJUMfwJ60-zRC4EYNCzUCS6DMNxmRH5dS6gwmBFKRwe-LBDW7Ncs8_IiBtGls7RKAp9ADWclyrMk5I6\" alt=\"?\" width=\"16\" height=\"16\" \/>\u00a0Materia\u0142y pdf (flashcards, karty pracy, gry, szablony do przeprowadzenia zabaw j\u0119zykowych itd.) wraz z instrukcjami ich wykorzystania w obr\u0119bie obszar\u00f3w tematycznych realizowanych jesieni\u0105:<\/p>\n<ul>\n<li>autumn\u00a0<img decoding=\"async\" src=\"https:\/\/lh5.googleusercontent.com\/aZoNqi-VoiuZIL9BCJyGqWf7GzIuz4QM-YhEivx0ZTb-2P_Q5ytwraTt_5vX14Bp9VmwuVuzJkpDw7RVeb8vcUmoHu-_xz4alk25zHN_uON6YS8uQgqlEhvdB5o5g65MSMwrKnSA\" alt=\"\u27a1\ufe0f\" width=\"16\" height=\"16\" \/>\u00a0jesie\u0144<\/li>\n<li>action verbs\u00a0<img decoding=\"async\" src=\"https:\/\/lh5.googleusercontent.com\/aZoNqi-VoiuZIL9BCJyGqWf7GzIuz4QM-YhEivx0ZTb-2P_Q5ytwraTt_5vX14Bp9VmwuVuzJkpDw7RVeb8vcUmoHu-_xz4alk25zHN_uON6YS8uQgqlEhvdB5o5g65MSMwrKnSA\" alt=\"\u27a1\ufe0f\" width=\"16\" height=\"16\" \/>\u00a0czasowniki ruchu<\/li>\n<li>school supplies\u00a0<img decoding=\"async\" src=\"https:\/\/lh6.googleusercontent.com\/By46sIHDb_87uvQz04GsBtmVzCM8EtDYd4unYJVa6IIjB2Fxhh3xyYuH1XsQlMq8Xpt4WHdImy6dKlYyq0_CXz3_emYmQbJ_JQZTak7Ho2N_E3AgAzJ5G_JNQ-8v4rsEhNbLt-0F\" alt=\"\u27a1\ufe0f\" width=\"16\" height=\"16\" \/>\u00a0przybory szkolne<\/li>\n<li>forest animals\u00a0<img loading=\"lazy\" decoding=\"async\" src=\"https:\/\/lh6.googleusercontent.com\/z_lC0mG9S5B_AiI_U4BBbDz1In68T9EqCzXRC1Xkhpq-E7gJSxHODZyVCxzYvo_g2_kmqdmZPpVs-hHplVLRTFBlXfUiC30JRn30rudUWYpQSyCUAz-47Cj-rjhPVZPk2vL-b8n7\" alt=\"\u27a1\ufe0f\" width=\"16\" height=\"16\" \/>\u00a0zwierz\u0119ta le\u015bne<\/li>\n<li>colours\u00a0<img loading=\"lazy\" decoding=\"async\" src=\"https:\/\/lh5.googleusercontent.com\/vijQGypdPOQiDIJ_ib42J_JYjyEbI26zPPCxhWMgfyMR0fvuXgSQfb9z96c82q2oq4atnM20adWAumLfse3_iPCdH5NRLFm5Trmp9dvYgZTk17vOVN7dSmC98XKDzVTfpdP7K0BQ\" alt=\"\u27a1\ufe0f\" width=\"16\" height=\"16\" \/>\u00a0kolory<\/li>\n<li>numbers\u00a0<img loading=\"lazy\" decoding=\"async\" src=\"https:\/\/lh4.googleusercontent.com\/9eQtW9JVg0QAJ2ir1oTaKTQwX_pFo6czuvijz41pwSaAucHt9zlxFS5KAU8R8lHzOFbCpesKCsHc2PdJElvCdvuoGoOHXtZl3_5kV-AawsyB9HTyjHZcIdDHsktEpOOxY9eq0UH6\" alt=\"\u27a1\ufe0f\" width=\"16\" height=\"16\" \/>\u00a0liczby<\/li>\n<li>body parts\u00a0<img loading=\"lazy\" decoding=\"async\" src=\"https:\/\/lh4.googleusercontent.com\/9eQtW9JVg0QAJ2ir1oTaKTQwX_pFo6czuvijz41pwSaAucHt9zlxFS5KAU8R8lHzOFbCpesKCsHc2PdJElvCdvuoGoOHXtZl3_5kV-AawsyB9HTyjHZcIdDHsktEpOOxY9eq0UH6\" alt=\"\u27a1\ufe0f\" width=\"16\" height=\"16\" \/>\u00a0cz\u0119\u015bci cia\u0142a<\/li>\n<li>Hedgehog Day\u00a0<img loading=\"lazy\" decoding=\"async\" src=\"https:\/\/lh6.googleusercontent.com\/EH6-SkEZ7CaolKKnJkbtFvsXcUyYp8Dui9d7wyZejnqFwb_DV_ucqjZlRdUWZ5GoElswG3vTOzfTses1QbOtNCBSks8DDzAK6_1xLbZT_Ie1Wtnx9q7PhQHAhakdhAoJYEA1tUmz\" alt=\"\u27a1\ufe0f\" width=\"16\" height=\"16\" \/>\u00a0dzie\u0144 je\u017ca<\/li>\n<li>Teddy Bear Day\u00a0<img loading=\"lazy\" decoding=\"async\" src=\"https:\/\/lh3.googleusercontent.com\/EVFT2ixgMZITbHsurkUY7KeW0NSa40jlrdXCT5a1VHoHtjWPdYMZWjkGOtiIeQS4C7UlqniMIks6ascqzVgvha04umTrNZ2dN9OKK1PjNxE1TjUufavebsaiVuAyufXleBK-dmSn\" alt=\"\u27a1\ufe0f\" width=\"16\" height=\"16\" \/>\u00a0dzie\u0144 pluszowego misia<\/li>\n<\/ul>","protected":false},"excerpt":{"rendered":"<p>Zestaw materia\u0142\u00f3w pdf na wrzesie\u0144, pa\u017adziernik i listopad do nauczania angielskiego w przedszkolu<\/p>","protected":false},"featured_media":789,"comment_status":"open","ping_status":"closed","template":"","meta":{"_eb_attr":""},"product_brand":[],"product_cat":[121],"product_tag":[],"class_list":{"0":"post-788","1":"product","2":"type-product","3":"status-publish","4":"has-post-thumbnail","6":"product_cat-jezyk-angielski","8":"first","9":"instock","10":"downloadable","11":"taxable","12":"shipping-taxable","13":"purchasable","14":"product-type-simple"},"jetpack_sharing_enabled":true,"_links":{"self":[{"href":"https:\/\/www.weecando.com\/en\/wp-json\/wp\/v2\/product\/788","targetHints":{"allow":["GET"]}}],"collection":[{"href":"https:\/\/www.weecando.com\/en\/wp-json\/wp\/v2\/product"}],"about":[{"href":"https:\/\/www.weecando.com\/en\/wp-json\/wp\/v2\/types\/product"}],"replies":[{"embeddable":true,"href":"https:\/\/www.weecando.com\/en\/wp-json\/wp\/v2\/comments?post=788"}],"wp:featuredmedia":[{"embeddable":true,"href":"https:\/\/www.weecando.com\/en\/wp-json\/wp\/v2\/media\/789"}],"wp:attachment":[{"href":"https:\/\/www.weecando.com\/en\/wp-json\/wp\/v2\/media?parent=788"}],"wp:term":[{"taxonomy":"product_brand","embeddable":true,"href":"https:\/\/www.weecando.com\/en\/wp-json\/wp\/v2\/product_brand?post=788"},{"taxonomy":"product_cat","embeddable":true,"href":"https:\/\/www.weecando.com\/en\/wp-json\/wp\/v2\/product_cat?post=788"},{"taxonomy":"product_tag","embeddable":true,"href":"https:\/\/www.weecando.com\/en\/wp-json\/wp\/v2\/product_tag?post=788"}],"curies":[{"name":"wp","href":"https:\/\/api.w.org\/{rel}","templated":true}]}}