{"id":1701,"date":"2026-02-24T17:49:47","date_gmt":"2026-02-24T16:49:47","guid":{"rendered":"https:\/\/www.weecando.com\/?post_type=product&#038;p=1701"},"modified":"2026-02-24T18:07:17","modified_gmt":"2026-02-24T17:07:17","slug":"zestaw-10-dyplomow-na-zakonczenie-roku-szkolnego","status":"publish","type":"product","link":"https:\/\/www.weecando.com\/en\/product\/zestaw-10-dyplomow-na-zakonczenie-roku-szkolnego\/","title":{"rendered":"Zestaw 10 dyplom\u00f3w na zako\u0144czenie roku szkolnego"},"content":{"rendered":"<p>Zestaw 10 dyplom\u00f3w na zako\u0144czenie roku szkolnego. Odpowiednie dla r\u00f3\u017cnych grup wiekowych, uniwersalne, z miejscem do wpisania imienia i nazwiska oraz celu wypisania dyplomu.<\/p>","protected":false},"excerpt":{"rendered":"<p>10 kolorowych dyplom\u00f3w na zako\u0144czenie roku szkolnego<\/p>","protected":false},"featured_media":1703,"comment_status":"open","ping_status":"closed","template":"","meta":{"_eb_attr":""},"product_brand":[],"product_cat":[125],"product_tag":[204,205],"class_list":{"0":"post-1701","1":"product","2":"type-product","3":"status-publish","4":"has-post-thumbnail","6":"product_cat-dekoracje","7":"product_tag-dyplom","8":"product_tag-zakonczenie","10":"first","11":"instock","12":"downloadable","13":"purchasable","14":"product-type-simple"},"jetpack_sharing_enabled":true,"_links":{"self":[{"href":"https:\/\/www.weecando.com\/en\/wp-json\/wp\/v2\/product\/1701","targetHints":{"allow":["GET"]}}],"collection":[{"href":"https:\/\/www.weecando.com\/en\/wp-json\/wp\/v2\/product"}],"about":[{"href":"https:\/\/www.weecando.com\/en\/wp-json\/wp\/v2\/types\/product"}],"replies":[{"embeddable":true,"href":"https:\/\/www.weecando.com\/en\/wp-json\/wp\/v2\/comments?post=1701"}],"wp:featuredmedia":[{"embeddable":true,"href":"https:\/\/www.weecando.com\/en\/wp-json\/wp\/v2\/media\/1703"}],"wp:attachment":[{"href":"https:\/\/www.weecando.com\/en\/wp-json\/wp\/v2\/media?parent=1701"}],"wp:term":[{"taxonomy":"product_brand","embeddable":true,"href":"https:\/\/www.weecando.com\/en\/wp-json\/wp\/v2\/product_brand?post=1701"},{"taxonomy":"product_cat","embeddable":true,"href":"https:\/\/www.weecando.com\/en\/wp-json\/wp\/v2\/product_cat?post=1701"},{"taxonomy":"product_tag","embeddable":true,"href":"https:\/\/www.weecando.com\/en\/wp-json\/wp\/v2\/product_tag?post=1701"}],"curies":[{"name":"wp","href":"https:\/\/api.w.org\/{rel}","templated":true}]}}