{"id":1691,"date":"2025-11-30T12:11:22","date_gmt":"2025-11-30T11:11:22","guid":{"rendered":"https:\/\/www.weecando.com\/?post_type=product&#038;p=1691"},"modified":"2025-11-30T12:15:52","modified_gmt":"2025-11-30T11:15:52","slug":"bajka-o-sw-mikolaju","status":"publish","type":"product","link":"https:\/\/www.weecando.com\/en\/product\/bajka-o-sw-mikolaju\/","title":{"rendered":"Bajka o \u015aw. Miko\u0142aju"},"content":{"rendered":"<h1 data-pm-slice=\"1 1 []\">\u2728 Magiczna bajka na \u015bwi\u0119ta!<\/h1>\n<p>Poznaj wzruszaj\u0105c\u0105 histori\u0119 Antka, kt\u00f3ry dzi\u0119ki spotkaniu ze \u015bw. Miko\u0142ajem odkrywa, \u017ce <strong>najwi\u0119kszym skarbem s\u0105 odwaga, dobro\u0107 i dobre serce<\/strong>. \ud83d\udc96<\/p>\n<p>To opowie\u015b\u0107 pe\u0142na ciep\u0142a i nadziei \u2013 idealna do g\u0142o\u015bnego czytania dzieciom w domu, w przedszkolu i w klasie. Bajka uczy empatii, wra\u017cliwo\u015bci i przypomina, \u017ce <strong>magia \u015bwi\u0105t jest w ka\u017cdym z nas<\/strong>.<\/p>\n<p>\ud83c\udf84 Doskona\u0142y materia\u0142 na lekcje, zaj\u0119cia wychowawcze oraz rodzinne wieczory przy choince.<\/p>\n<p>&nbsp;<\/p>\n<p>\ud83d\udd17 Zobacz te\u017c inne moje materia\u0142y: <a href=\"https:\/\/www.naffy.io\/teresa-ochojska\" target=\"_blank\" rel=\"noopener noreferrer nofollow\">kliknij tutaj<\/a><\/p>","protected":false},"excerpt":{"rendered":"<p>Magiczna bajka na \u015bwi\u0119ta!<\/p>","protected":false},"featured_media":1692,"comment_status":"open","ping_status":"closed","template":"","meta":{"_eb_attr":""},"product_brand":[],"product_cat":[16],"product_tag":[],"class_list":{"0":"post-1691","1":"product","2":"type-product","3":"status-publish","4":"has-post-thumbnail","6":"product_cat-inne","8":"first","9":"instock","10":"sale","11":"downloadable","12":"taxable","13":"shipping-taxable","14":"purchasable","15":"product-type-simple"},"jetpack_sharing_enabled":true,"_links":{"self":[{"href":"https:\/\/www.weecando.com\/en\/wp-json\/wp\/v2\/product\/1691","targetHints":{"allow":["GET"]}}],"collection":[{"href":"https:\/\/www.weecando.com\/en\/wp-json\/wp\/v2\/product"}],"about":[{"href":"https:\/\/www.weecando.com\/en\/wp-json\/wp\/v2\/types\/product"}],"replies":[{"embeddable":true,"href":"https:\/\/www.weecando.com\/en\/wp-json\/wp\/v2\/comments?post=1691"}],"wp:featuredmedia":[{"embeddable":true,"href":"https:\/\/www.weecando.com\/en\/wp-json\/wp\/v2\/media\/1692"}],"wp:attachment":[{"href":"https:\/\/www.weecando.com\/en\/wp-json\/wp\/v2\/media?parent=1691"}],"wp:term":[{"taxonomy":"product_brand","embeddable":true,"href":"https:\/\/www.weecando.com\/en\/wp-json\/wp\/v2\/product_brand?post=1691"},{"taxonomy":"product_cat","embeddable":true,"href":"https:\/\/www.weecando.com\/en\/wp-json\/wp\/v2\/product_cat?post=1691"},{"taxonomy":"product_tag","embeddable":true,"href":"https:\/\/www.weecando.com\/en\/wp-json\/wp\/v2\/product_tag?post=1691"}],"curies":[{"name":"wp","href":"https:\/\/api.w.org\/{rel}","templated":true}]}}