{"id":1683,"date":"2025-11-30T11:51:59","date_gmt":"2025-11-30T10:51:59","guid":{"rendered":"https:\/\/www.weecando.com\/?post_type=product&#038;p=1683"},"modified":"2025-11-30T12:01:03","modified_gmt":"2025-11-30T11:01:03","slug":"kogo-spotkalem-tej-nocy-gra-swiateczna-dla-klas-4-8-2","status":"publish","type":"product","link":"https:\/\/www.weecando.com\/en\/product\/kogo-spotkalem-tej-nocy-gra-swiateczna-dla-klas-4-8-2\/","title":{"rendered":"Kogo spotka\u0142em Tej Nocy? &#8211; gra \u015bwi\u0105teczna dla klas 4-8"},"content":{"rendered":"<p data-pm-slice=\"1 1 []\">Gra uwa\u017cno\u015bciowa o \u015bwi\u0119tach:<\/p>\n<p>&#8222;KOGO SPOTKA\u0141EM TEJ NOCY?&#8221;<\/p>\n<p><strong>Szukasz czego\u015b, co wyciszy klas\u0119, wprowadzi \u015bwi\u0105teczny klimat i przy okazji czego\u015b nauczy?<\/strong><\/p>\n<p>\u00a0Gra\u00a0<strong>\u201eKogo spotka\u0142em tej nocy?\u201d<\/strong>\u00a0robi to wszystko na raz.<\/p>\n<p>Dzieci losuj\u0105 postacie z Betlejem, wcielaj\u0105 si\u0119 w nie kr\u00f3tkim gestem i jednym zdaniem, a potem opisuj\u0105 kolejnego bohatera.<br \/>\n\u017beby ruszy\u0107 dalej \u2014 trzeba uwa\u017cnie s\u0142ucha\u0107. I to jest magia tej zabawy:<\/p>\n<p><img decoding=\"async\" class=\"xz74otr x15mokao x1ga7v0g x16uus16 xbiv7yw\" src=\"https:\/\/static.xx.fbcdn.net\/images\/emoji.php\/v9\/tb4\/1\/16\/2b50.png\" alt=\"\u2b50\ufe0f\" \/><\/p>\n<p>uczy skupienia,<\/p>\n<p><img decoding=\"async\" class=\"xz74otr x15mokao x1ga7v0g x16uus16 xbiv7yw\" src=\"https:\/\/static.xx.fbcdn.net\/images\/emoji.php\/v9\/tb4\/1\/16\/2b50.png\" alt=\"\u2b50\ufe0f\" \/><\/p>\n<p>trenuje uwa\u017cno\u015b\u0107 w naturalny, niewymuszony spos\u00f3b,<\/p>\n<p><img decoding=\"async\" class=\"xz74otr x15mokao x1ga7v0g x16uus16 xbiv7yw\" src=\"https:\/\/static.xx.fbcdn.net\/images\/emoji.php\/v9\/tb4\/1\/16\/2b50.png\" alt=\"\u2b50\ufe0f\" \/><\/p>\n<p>porz\u0105dkuje energi\u0119 w klasie (nawet w grudniowym chaosie),<\/p>\n<p><img decoding=\"async\" class=\"xz74otr x15mokao x1ga7v0g x16uus16 xbiv7yw\" src=\"https:\/\/static.xx.fbcdn.net\/images\/emoji.php\/v9\/tb4\/1\/16\/2b50.png\" alt=\"\u2b50\ufe0f\" \/><\/p>\n<p>przypomina ca\u0142\u0105 histori\u0119 nocy betlejemskiej \u2014 od J\u00f3zefa po anio\u0142\u00f3w, zwierz\u0119ta i Trzech Kr\u00f3li,<\/p>\n<p><img decoding=\"async\" class=\"xz74otr x15mokao x1ga7v0g x16uus16 xbiv7yw\" src=\"https:\/\/static.xx.fbcdn.net\/images\/emoji.php\/v9\/tb4\/1\/16\/2b50.png\" alt=\"\u2b50\ufe0f\" \/><\/p>\n<p>daje dzieciom poczucie spokoju i wsp\u00f3\u0142uczestnictwa.<\/p>\n<p>A wszystko w lekkiej, \u015bwi\u0105tecznej atmosferze, bez sztywnego \u201eteraz prosz\u0119 o cisz\u0119\u201d.<\/p>\n<p>Idealne na wigili\u0119 klasow\u0105 albo ostatni\u0105 lekcj\u0119 przed przerw\u0105 \u2014 dzia\u0142a, naprawd\u0119.<\/p>\n<p>Chcesz?<\/p>\n<p><img decoding=\"async\" class=\"xz74otr x15mokao x1ga7v0g x16uus16 xbiv7yw\" src=\"https:\/\/static.xx.fbcdn.net\/images\/emoji.php\/v9\/t7\/1\/16\/1f384.png\" alt=\"\ud83c\udf84\" \/><\/p>\n<p>\ud83d\udd17 Zobacz te\u017c inne moje materia\u0142y: <a href=\"https:\/\/www.naffy.io\/teresa-ochojska\" target=\"_blank\" rel=\"noopener noreferrer nofollow\">kliknij tutaj<\/a><\/p>","protected":false},"excerpt":{"rendered":"<p>Gra uwa\u017cno\u015bciowa o \u015bwi\u0119tach dla klas 4-8<\/p>","protected":false},"featured_media":1684,"comment_status":"open","ping_status":"closed","template":"","meta":{"_eb_attr":""},"product_brand":[],"product_cat":[16],"product_tag":[202],"class_list":{"0":"post-1683","1":"product","2":"type-product","3":"status-publish","4":"has-post-thumbnail","6":"product_cat-inne","7":"product_tag-gra-edukacyjna-klasy-4-8-swieta-scenariusz","9":"first","10":"instock","11":"sale","12":"downloadable","13":"taxable","14":"shipping-taxable","15":"purchasable","16":"product-type-simple"},"jetpack_sharing_enabled":true,"_links":{"self":[{"href":"https:\/\/www.weecando.com\/en\/wp-json\/wp\/v2\/product\/1683","targetHints":{"allow":["GET"]}}],"collection":[{"href":"https:\/\/www.weecando.com\/en\/wp-json\/wp\/v2\/product"}],"about":[{"href":"https:\/\/www.weecando.com\/en\/wp-json\/wp\/v2\/types\/product"}],"replies":[{"embeddable":true,"href":"https:\/\/www.weecando.com\/en\/wp-json\/wp\/v2\/comments?post=1683"}],"wp:featuredmedia":[{"embeddable":true,"href":"https:\/\/www.weecando.com\/en\/wp-json\/wp\/v2\/media\/1684"}],"wp:attachment":[{"href":"https:\/\/www.weecando.com\/en\/wp-json\/wp\/v2\/media?parent=1683"}],"wp:term":[{"taxonomy":"product_brand","embeddable":true,"href":"https:\/\/www.weecando.com\/en\/wp-json\/wp\/v2\/product_brand?post=1683"},{"taxonomy":"product_cat","embeddable":true,"href":"https:\/\/www.weecando.com\/en\/wp-json\/wp\/v2\/product_cat?post=1683"},{"taxonomy":"product_tag","embeddable":true,"href":"https:\/\/www.weecando.com\/en\/wp-json\/wp\/v2\/product_tag?post=1683"}],"curies":[{"name":"wp","href":"https:\/\/api.w.org\/{rel}","templated":true}]}}