{"id":1665,"date":"2025-11-12T13:56:05","date_gmt":"2025-11-12T12:56:05","guid":{"rendered":"https:\/\/www.weecando.com\/?post_type=product&#038;p=1665"},"modified":"2025-11-12T14:00:37","modified_gmt":"2025-11-12T13:00:37","slug":"dzien-zyczliwosci","status":"publish","type":"product","link":"https:\/\/www.weecando.com\/en\/product\/dzien-zyczliwosci\/","title":{"rendered":"DZIE\u0143 \u017bYCZLIWO\u015aCI"},"content":{"rendered":"<p data-pm-slice=\"1 1 []\">PROJEKT LUB POJEDYNCZE DZIA\u0141ANIE<\/p>\n<p>KLASY 1-8<\/p>\n<p>Fala \u017cyczliwo\u015bci \u2013 wprowad\u017a dobr\u0105 energi\u0119 do swojej szko\u0142y!<\/p>\n<p>Wyobra\u017a sobie tydzie\u0144, w kt\u00f3rym ka\u017cde mi\u0142e s\u0142owo i gest zostaj\u0105 zauwa\u017cone, a atmosfera w klasach staje si\u0119 naprawd\u0119 przyjazna.<\/p>\n<p>Co zyskuj\u0105 uczniowie?<\/p>\n<ul>\n<li>Empati\u0119 i wra\u017cliwo\u015b\u0107 na innych<\/li>\n<li>Umiej\u0119tno\u015b\u0107 wyra\u017cania wdzi\u0119czno\u015bci<\/li>\n<li>Lepsze relacje z r\u00f3wie\u015bnikami i nauczycielami<\/li>\n<li>Praktyczne \u0107wiczenia wsp\u00f3\u0142pracy i kreatywno\u015bci<\/li>\n<li>Co zyskuj\u0105 nauczyciele?<\/li>\n<li>Proste, gotowe dzia\u0142ania do wprowadzenia w klasie<\/li>\n<li>Widoczne efekty \u2013 spokojniejsze i bardziej zmotywowane klasy<\/li>\n<li>Wzmacnianie relacji z uczniami i zespo\u0142em szkolnym<\/li>\n<li>Jak realizowa\u0107 projekt?<\/li>\n<\/ul>\n<p><img decoding=\"async\" class=\"an1\" src=\"https:\/\/fonts.gstatic.com\/s\/e\/notoemoji\/16.0\/1f31f\/72.png\" alt=\"\ud83c\udf1f\" \/><\/p>\n<p>Mo\u017cna przeprowadzi\u0107 ca\u0142y Tydzie\u0144 \u017byczliwo\u015bci z wieloma dzia\u0142aniami: Dziennik Dobrych Uczynk\u00f3w, Drzewo \u017cyczliwo\u015bci, Sekretny przyjaciel, Poczta \u017cyczliwo\u015bci, Dzie\u0144 Dobrego S\u0142owa, Galeria U\u015bmiechu, Misje \u017byczliwo\u015bci.<\/p>\n<p><img decoding=\"async\" class=\"an1\" src=\"https:\/\/fonts.gstatic.com\/s\/e\/notoemoji\/16.0\/1f31f\/72.png\" alt=\"\ud83c\udf1f\" \/><\/p>\n<p>Albo wybra\u0107 tylko jedno dzia\u0142anie \u2013 np. lekcj\u0119 z autorsk\u0105 bajk\u0105 \u201eCh\u0142opiec i lampart\u201d wraz z gotowymi zadaniami.<\/p>\n<p>Ma\u0142e gesty, wielka zmiana \u2013 daj si\u0119 porwa\u0107 Fali \u017cyczliwo\u015bci w swojej szkole!<\/p>\n<p><a href=\"https:\/\/drive.google.com\/file\/d\/1-eCyv-zYuIwTIxUw4H7N8TCHu_KNC5c-\/view?usp=sharing\" target=\"_blank\" rel=\"nofollow noopener ugc\">ZOBACZ FRAGMENT:<\/a><\/p>\n<p><a href=\"https:\/\/www.naffy.io\/teresa-ochojska\" target=\"_blank\" rel=\"nofollow noopener ugc\">ZOBACZ INNE MOJE MATERIA\u0141Y<\/a><\/p>\n<p>&nbsp;<\/p>","protected":false},"excerpt":{"rendered":"<p>PROJEKT LUB POJEDYNCZE DZIA\u0141ANIE<\/p>","protected":false},"featured_media":1666,"comment_status":"open","ping_status":"closed","template":"","meta":{"_eb_attr":""},"product_brand":[],"product_cat":[16],"product_tag":[198],"class_list":{"0":"post-1665","1":"product","2":"type-product","3":"status-publish","4":"has-post-thumbnail","6":"product_cat-inne","7":"product_tag-projekt-innowacja-dzien-zyczliwosci","9":"first","10":"instock","11":"sale","12":"downloadable","13":"taxable","14":"shipping-taxable","15":"purchasable","16":"product-type-simple"},"jetpack_sharing_enabled":true,"_links":{"self":[{"href":"https:\/\/www.weecando.com\/en\/wp-json\/wp\/v2\/product\/1665","targetHints":{"allow":["GET"]}}],"collection":[{"href":"https:\/\/www.weecando.com\/en\/wp-json\/wp\/v2\/product"}],"about":[{"href":"https:\/\/www.weecando.com\/en\/wp-json\/wp\/v2\/types\/product"}],"replies":[{"embeddable":true,"href":"https:\/\/www.weecando.com\/en\/wp-json\/wp\/v2\/comments?post=1665"}],"wp:featuredmedia":[{"embeddable":true,"href":"https:\/\/www.weecando.com\/en\/wp-json\/wp\/v2\/media\/1666"}],"wp:attachment":[{"href":"https:\/\/www.weecando.com\/en\/wp-json\/wp\/v2\/media?parent=1665"}],"wp:term":[{"taxonomy":"product_brand","embeddable":true,"href":"https:\/\/www.weecando.com\/en\/wp-json\/wp\/v2\/product_brand?post=1665"},{"taxonomy":"product_cat","embeddable":true,"href":"https:\/\/www.weecando.com\/en\/wp-json\/wp\/v2\/product_cat?post=1665"},{"taxonomy":"product_tag","embeddable":true,"href":"https:\/\/www.weecando.com\/en\/wp-json\/wp\/v2\/product_tag?post=1665"}],"curies":[{"name":"wp","href":"https:\/\/api.w.org\/{rel}","templated":true}]}}