{"id":1626,"date":"2025-09-08T14:12:06","date_gmt":"2025-09-08T13:12:06","guid":{"rendered":"https:\/\/www.weecando.com\/?post_type=product&#038;p=1626"},"modified":"2025-09-08T14:33:21","modified_gmt":"2025-09-08T13:33:21","slug":"repetytorium-dla-szkoly-podstawowej-cz-1-pearson-unit-1-czlowiek-testy","status":"publish","type":"product","link":"https:\/\/www.weecando.com\/en\/product\/repetytorium-dla-szkoly-podstawowej-cz-1-pearson-unit-1-czlowiek-testy\/","title":{"rendered":"Repetytorium dla szko\u0142y podstawowej cz. 1 (Pearson) \u2013 Unit 1 Cz\u0142owiek \u2013 testy"},"content":{"rendered":"<p><strong>Nie mo\u017cesz znale\u017a\u0107 dodatkowych materia\u0142\u00f3w do danego podr\u0119cznika? Nie masz czasu na tworzenie test\u00f3w z danego dzia\u0142u? Zaoszcz\u0119d\u017a sobie k\u0142opotu i po\u015bwi\u0119\u0107 swoj\u0105 energi\u0119 na nauczanie, a nie na przygotowania do lekcji.<\/strong><\/p>\n<p><strong>S\u0142\u00f3wka prosto z podr\u0119cznika<\/strong><\/p>\n<p>Zestaw zawiera s\u0142\u00f3wka i zwroty z dzia\u0142u\u00a0<strong>pierwszego<\/strong>\u00a0do podr\u0119cznika\u00a0<strong>Repetytorium dla szko\u0142y podstawowej cz. 1 (Pearson)<\/strong>. Testy podzielone s\u0105 na\u00a0<strong>10<\/strong>\u00a0podrozdzia\u0142\u00f3w, a ka\u017cdy z nich na 4 kategorie zada\u0144 (prawda\/fa\u0142sz, dopasuj, wielokrotny wyb\u00f3r, pisemny)<\/p>\n<p><strong>Dopasuj dla ka\u017cdego<\/strong><\/p>\n<p>Ka\u017cdy rodzaj testu charakteryzuje si\u0119 innym poziomem trudno\u015bci, co pozwoli Ci dopasowa\u0107 go do umiej\u0119tno\u015bci Twojego ucznia. Oczywi\u015bcie mo\u017cesz te\u017c dowolnie miesza\u0107 cz\u0119\u015bci r\u00f3\u017cnych test\u00f3w mi\u0119dzy sob\u0105.<\/p>\n<p><strong>Zaoszcz\u0119d\u017a pieni\u0105dze na drukowaniu<\/strong><\/p>\n<p>Testy celowo zosta\u0142y stworzone w wersji czarno-bia\u0142ej bez zb\u0119dnych grafik. Dzi\u0119ki temu zaoszcz\u0119dzisz na tuszu, a same testy prezentuj\u0105 si\u0119 schludnie i przejrzy\u015bcie.<\/p>\n<p><strong>Co dostajesz?<\/strong><\/p>\n<p>Mo\u017cliwo\u015b\u0107 sprawdzenia znajomo\u015bci s\u0142ownictwa z danego dzia\u0142u za pomoc\u0105 test\u00f3w w czterech r\u00f3\u017cnych wersjach. Zyskujesz czas i spokojn\u0105 g\u0142ow\u0119. A Twoi uczniowie ucz\u0105 si\u0119 s\u0142ownictwa zgodnie z danym podr\u0119cznikiem. P\u0142acisz raz, a materia\u0142 s\u0142u\u017cy Ci na wielu lekcjach, z r\u00f3\u017cnymi uczniami, przez wiele la<\/p>","protected":false},"excerpt":{"rendered":"<p>Testy do podr\u0119cznika <strong>Repetytorium dla szko\u0142y podstawowej cz. 1 (Pearson) rozdzia\u0142 1<\/strong><\/p>","protected":false},"featured_media":1628,"comment_status":"open","ping_status":"closed","template":"","meta":{"_eb_attr":""},"product_brand":[],"product_cat":[121],"product_tag":[191,128,192,190,189],"class_list":{"0":"post-1626","1":"product","2":"type-product","3":"status-publish","4":"has-post-thumbnail","6":"product_cat-jezyk-angielski","7":"product_tag-a2","8":"product_tag-angielski","9":"product_tag-b1","10":"product_tag-e8","11":"product_tag-testy","13":"first","14":"instock","15":"downloadable","16":"taxable","17":"shipping-taxable","18":"purchasable","19":"product-type-simple"},"jetpack_sharing_enabled":true,"_links":{"self":[{"href":"https:\/\/www.weecando.com\/en\/wp-json\/wp\/v2\/product\/1626","targetHints":{"allow":["GET"]}}],"collection":[{"href":"https:\/\/www.weecando.com\/en\/wp-json\/wp\/v2\/product"}],"about":[{"href":"https:\/\/www.weecando.com\/en\/wp-json\/wp\/v2\/types\/product"}],"replies":[{"embeddable":true,"href":"https:\/\/www.weecando.com\/en\/wp-json\/wp\/v2\/comments?post=1626"}],"wp:featuredmedia":[{"embeddable":true,"href":"https:\/\/www.weecando.com\/en\/wp-json\/wp\/v2\/media\/1628"}],"wp:attachment":[{"href":"https:\/\/www.weecando.com\/en\/wp-json\/wp\/v2\/media?parent=1626"}],"wp:term":[{"taxonomy":"product_brand","embeddable":true,"href":"https:\/\/www.weecando.com\/en\/wp-json\/wp\/v2\/product_brand?post=1626"},{"taxonomy":"product_cat","embeddable":true,"href":"https:\/\/www.weecando.com\/en\/wp-json\/wp\/v2\/product_cat?post=1626"},{"taxonomy":"product_tag","embeddable":true,"href":"https:\/\/www.weecando.com\/en\/wp-json\/wp\/v2\/product_tag?post=1626"}],"curies":[{"name":"wp","href":"https:\/\/api.w.org\/{rel}","templated":true}]}}