{"id":1510,"date":"2025-07-02T20:09:40","date_gmt":"2025-07-02T19:09:40","guid":{"rendered":"https:\/\/www.weecando.com\/?post_type=product&#038;p=1510"},"modified":"2025-07-02T20:41:48","modified_gmt":"2025-07-02T19:41:48","slug":"1510","status":"publish","type":"product","link":"https:\/\/www.weecando.com\/en\/product\/1510\/","title":{"rendered":"Dekoracja &#8222;Seasons&#8221;"},"content":{"rendered":"<p>Dekoracja 4 Seasons doskonale ozdobi Wasz\u0105 sal\u0119 lekcyjn\u0105 na ka\u017cd\u0105 z czterech p\u00f3r roku! \ud83d\ude42<\/p>\n<p>Zestaw zawiera literki do stworzenia nazw p\u00f3r roku oraz do ka\u017cdej z nich pola z nazwami miesi\u0119cy.<\/p>\n<ul class=\"wp-block-list\">\n<li>Zestaw jest tuszooszcz\u0119dny \ud83d\ude42<\/li>\n<li>Elastyczno\u015b\u0107 \u2013 mo\u017cesz uzupe\u0142ni\u0107 dekoracj\u0119 dowoln\u0105 tre\u015bci\u0105, umieszczaj\u0105c napis w g\u00f3rnej cz\u0119\u015bci tablicy raz, na pocz\u0105tku danej pory roku, a w mi\u0119dzyczasie delikatnie modyfikuj\u0105c to, co znajdzie si\u0119 pod spodem \u2013 w zale\u017cno\u015bci od wyst\u0119puj\u0105cych w danym okresie roku dni specjalnych, \u015bwi\u0105t itp.<\/li>\n<li>U\u017cyteczno\u015b\u0107 \u2013 porozmawiaj z uczniami o tym, jaki symbole danej pory roku ukry\u0142y si\u0119 w literkach, u\u0142\u00f3\u017ccie o nich zdania po angielsku, wymy\u015blcie dodatkowe s\u0142owa zwi\u0105zane z dan\u0105 por\u0105 roku rozpoczynaj\u0105ce si\u0119 od tych literek, przeliterujcie nazwy p\u00f3r roku, zakryj jedno z p\u00f3l z nazw\u0105 miesi\u0105ca i popro\u015b uczni\u00f3w o zapisanie jego nazwy\u2026 U\u017cywaj zestawu, jak tylko chcesz! \ud83d\ude42<\/li>\n<\/ul>","protected":false},"excerpt":{"rendered":"<p>Dekoracja 4 Seasons doskonale ozdobi Wasz\u0105 sal\u0119 lekcyjn\u0105 na ka\u017cd\u0105 z czterech p\u00f3r roku! \ud83d\ude42<\/p>\n<p>Zestaw zawiera literki do stworzenia nazw p\u00f3r roku oraz do ka\u017cdej z nich pola z nazwami miesi\u0119cy.<\/p>\n<ul class=\"wp-block-list\">\n<li>Zestaw jest tuszooszcz\u0119dny \ud83d\ude42<\/li>\n<li>Elastyczno\u015b\u0107 \u2013 mo\u017cesz uzupe\u0142ni\u0107 dekoracj\u0119 dowoln\u0105 tre\u015bci\u0105, umieszczaj\u0105c napis w g\u00f3rnej cz\u0119\u015bci tablicy raz, na pocz\u0105tku danej pory roku, a w mi\u0119dzyczasie delikatnie modyfikuj\u0105c to, co znajdzie si\u0119 pod spodem \u2013 w zale\u017cno\u015bci od wyst\u0119puj\u0105cych w danym okresie roku dni specjalnych, \u015bwi\u0105t itp.<\/li>\n<li>U\u017cyteczno\u015b\u0107 \u2013 porozmawiaj z uczniami o tym, jaki symbole danej pory roku ukry\u0142y si\u0119 w literkach, u\u0142\u00f3\u017ccie o nich zdania po angielsku, wymy\u015blcie dodatkowe s\u0142owa zwi\u0105zane z dan\u0105 por\u0105 roku rozpoczynaj\u0105ce si\u0119 od tych literek, przeliterujcie nazwy p\u00f3r roku, zakryj jedno z p\u00f3l z nazw\u0105 miesi\u0105ca i popro\u015b uczni\u00f3w o zapisanie jego nazwy\u2026 U\u017cywaj zestawu, jak tylko chcesz! \ud83d\ude42<\/li>\n<\/ul>","protected":false},"featured_media":1512,"comment_status":"open","ping_status":"closed","template":"","meta":{"_eb_attr":""},"product_brand":[],"product_cat":[125,121,16],"product_tag":[],"class_list":{"0":"post-1510","1":"product","2":"type-product","3":"status-publish","4":"has-post-thumbnail","6":"product_cat-dekoracje","7":"product_cat-jezyk-angielski","8":"product_cat-inne","10":"first","11":"instock","12":"downloadable","13":"taxable","14":"shipping-taxable","15":"purchasable","16":"product-type-simple"},"jetpack_sharing_enabled":true,"_links":{"self":[{"href":"https:\/\/www.weecando.com\/en\/wp-json\/wp\/v2\/product\/1510","targetHints":{"allow":["GET"]}}],"collection":[{"href":"https:\/\/www.weecando.com\/en\/wp-json\/wp\/v2\/product"}],"about":[{"href":"https:\/\/www.weecando.com\/en\/wp-json\/wp\/v2\/types\/product"}],"replies":[{"embeddable":true,"href":"https:\/\/www.weecando.com\/en\/wp-json\/wp\/v2\/comments?post=1510"}],"wp:featuredmedia":[{"embeddable":true,"href":"https:\/\/www.weecando.com\/en\/wp-json\/wp\/v2\/media\/1512"}],"wp:attachment":[{"href":"https:\/\/www.weecando.com\/en\/wp-json\/wp\/v2\/media?parent=1510"}],"wp:term":[{"taxonomy":"product_brand","embeddable":true,"href":"https:\/\/www.weecando.com\/en\/wp-json\/wp\/v2\/product_brand?post=1510"},{"taxonomy":"product_cat","embeddable":true,"href":"https:\/\/www.weecando.com\/en\/wp-json\/wp\/v2\/product_cat?post=1510"},{"taxonomy":"product_tag","embeddable":true,"href":"https:\/\/www.weecando.com\/en\/wp-json\/wp\/v2\/product_tag?post=1510"}],"curies":[{"name":"wp","href":"https:\/\/api.w.org\/{rel}","templated":true}]}}