{"id":1506,"date":"2025-07-02T19:48:32","date_gmt":"2025-07-02T18:48:32","guid":{"rendered":"https:\/\/www.weecando.com\/?post_type=product&#038;p=1506"},"modified":"2025-07-02T19:52:40","modified_gmt":"2025-07-02T18:52:40","slug":"alfabet-obrazkowy-zwierzeta","status":"publish","type":"product","link":"https:\/\/www.weecando.com\/en\/product\/alfabet-obrazkowy-zwierzeta\/","title":{"rendered":"Alfabet obrazkowy: zwierz\u0119ta"},"content":{"rendered":"<p>Wielkie i ma\u0142e litery alfabetu wraz z fotografiami zwierz\u0105t, kt\u00f3rych nazwy rozpoczynaj\u0105 si\u0119 na dan\u0105 liter\u0119. Mo\u017cna u\u017cy\u0107 ich do dekoracji sali (by dzieci utrwala\u0142y je wzrokowo) lub do zaj\u0119\u0107 podczas zabaw w \u0142\u0105czenie liter i obrazk\u00f3w.<\/p>","protected":false},"excerpt":{"rendered":"<p>Wielkie i ma\u0142e litery alfabetu wraz z fotografiami zwierz\u0105t, kt\u00f3rych nazwy rozpoczynaj\u0105 si\u0119 na dan\u0105 liter\u0119. Mo\u017cna u\u017cy\u0107 ich do dekoracji sali (by dzieci utrwala\u0142y je wzrokowo) lub do zaj\u0119\u0107 podczas zabaw w \u0142\u0105czenie liter i obrazk\u00f3w.<\/p>","protected":false},"featured_media":1508,"comment_status":"open","ping_status":"closed","template":"","meta":{"_eb_attr":""},"product_brand":[],"product_cat":[125,119,118],"product_tag":[],"class_list":{"0":"post-1506","1":"product","2":"type-product","3":"status-publish","4":"has-post-thumbnail","6":"product_cat-dekoracje","7":"product_cat-edukacja-polonistyczna","8":"product_cat-nauczanie-zintegrowane","10":"first","11":"instock","12":"downloadable","13":"taxable","14":"shipping-taxable","15":"purchasable","16":"product-type-simple"},"jetpack_sharing_enabled":true,"_links":{"self":[{"href":"https:\/\/www.weecando.com\/en\/wp-json\/wp\/v2\/product\/1506","targetHints":{"allow":["GET"]}}],"collection":[{"href":"https:\/\/www.weecando.com\/en\/wp-json\/wp\/v2\/product"}],"about":[{"href":"https:\/\/www.weecando.com\/en\/wp-json\/wp\/v2\/types\/product"}],"replies":[{"embeddable":true,"href":"https:\/\/www.weecando.com\/en\/wp-json\/wp\/v2\/comments?post=1506"}],"wp:featuredmedia":[{"embeddable":true,"href":"https:\/\/www.weecando.com\/en\/wp-json\/wp\/v2\/media\/1508"}],"wp:attachment":[{"href":"https:\/\/www.weecando.com\/en\/wp-json\/wp\/v2\/media?parent=1506"}],"wp:term":[{"taxonomy":"product_brand","embeddable":true,"href":"https:\/\/www.weecando.com\/en\/wp-json\/wp\/v2\/product_brand?post=1506"},{"taxonomy":"product_cat","embeddable":true,"href":"https:\/\/www.weecando.com\/en\/wp-json\/wp\/v2\/product_cat?post=1506"},{"taxonomy":"product_tag","embeddable":true,"href":"https:\/\/www.weecando.com\/en\/wp-json\/wp\/v2\/product_tag?post=1506"}],"curies":[{"name":"wp","href":"https:\/\/api.w.org\/{rel}","templated":true}]}}