{"id":1489,"date":"2025-06-24T15:37:52","date_gmt":"2025-06-24T14:37:52","guid":{"rendered":"https:\/\/www.weecando.com\/?post_type=product&#038;p=1489"},"modified":"2025-06-25T00:38:03","modified_gmt":"2025-06-24T23:38:03","slug":"ebook-weecando","status":"publish","type":"product","link":"https:\/\/www.weecando.com\/en\/product\/ebook-weecando\/","title":{"rendered":"Ebook Weecando"},"content":{"rendered":"<p data-start=\"105\" data-end=\"367\">Chcesz zacz\u0105\u0107 sprzedawa\u0107 swoje materia\u0142y edukacyjne, ale nie wiesz od czego zacz\u0105\u0107?<br data-start=\"188\" data-end=\"191\" \/>Ten kr\u00f3tki e-book poka\u017ce Ci, jak dzia\u0142a platforma Weecando i dlaczego to najprostszy spos\u00f3b, by zacz\u0105\u0107 zarabia\u0107 na swojej wiedzy \u2013 bez technicznych komplikacji i sta\u0142ych op\u0142at.<\/p>\n<p data-start=\"369\" data-end=\"546\">\ud83c\udf81 <strong data-start=\"372\" data-end=\"419\">Bonusowo otrzymasz 5 sprawdzonych strategii<\/strong>, kt\u00f3re pomog\u0105 Ci zwi\u0119kszy\u0107 sprzeda\u017c, dotrze\u0107 do nowych odbiorc\u00f3w i zautomatyzowa\u0107 ca\u0142y proces \u2013 nawet je\u015bli dopiero zaczynasz.<\/p>","protected":false},"excerpt":{"rendered":"<p>Chcesz zacz\u0105\u0107 sprzedawa\u0107 swoje materia\u0142y edukacyjne, ale nie wiesz od czego zacz\u0105\u0107?Ten kr\u00f3tki e-book poka\u017ce Ci, jak dzia\u0142a platforma Weecando i dlaczego to najprostszy spos\u00f3b, by zacz\u0105\u0107 zarabia\u0107 na swojej wiedzy \u2013 bez technicznych komplikacji i sta\u0142ych op\u0142at. \ud83c\udf81 Bonusowo otrzymasz 5 sprawdzonych strategii, kt\u00f3re pomog\u0105 Ci zwi\u0119kszy\u0107 sprzeda\u017c, dotrze\u0107 do nowych odbiorc\u00f3w i zautomatyzowa\u0107 [&hellip;]<\/p>","protected":false},"featured_media":1499,"comment_status":"open","ping_status":"closed","template":"","meta":{"_eb_attr":""},"product_brand":[],"product_cat":[117],"product_tag":[],"class_list":{"0":"post-1489","1":"product","2":"type-product","3":"status-publish","4":"has-post-thumbnail","6":"product_cat-weecando","8":"first","9":"instock","10":"downloadable","11":"virtual","12":"purchasable","13":"product-type-simple"},"jetpack_sharing_enabled":true,"_links":{"self":[{"href":"https:\/\/www.weecando.com\/en\/wp-json\/wp\/v2\/product\/1489","targetHints":{"allow":["GET"]}}],"collection":[{"href":"https:\/\/www.weecando.com\/en\/wp-json\/wp\/v2\/product"}],"about":[{"href":"https:\/\/www.weecando.com\/en\/wp-json\/wp\/v2\/types\/product"}],"replies":[{"embeddable":true,"href":"https:\/\/www.weecando.com\/en\/wp-json\/wp\/v2\/comments?post=1489"}],"wp:featuredmedia":[{"embeddable":true,"href":"https:\/\/www.weecando.com\/en\/wp-json\/wp\/v2\/media\/1499"}],"wp:attachment":[{"href":"https:\/\/www.weecando.com\/en\/wp-json\/wp\/v2\/media?parent=1489"}],"wp:term":[{"taxonomy":"product_brand","embeddable":true,"href":"https:\/\/www.weecando.com\/en\/wp-json\/wp\/v2\/product_brand?post=1489"},{"taxonomy":"product_cat","embeddable":true,"href":"https:\/\/www.weecando.com\/en\/wp-json\/wp\/v2\/product_cat?post=1489"},{"taxonomy":"product_tag","embeddable":true,"href":"https:\/\/www.weecando.com\/en\/wp-json\/wp\/v2\/product_tag?post=1489"}],"curies":[{"name":"wp","href":"https:\/\/api.w.org\/{rel}","templated":true}]}}