{"id":1479,"date":"2025-06-20T12:22:07","date_gmt":"2025-06-20T11:22:07","guid":{"rendered":"https:\/\/www.weecando.com\/?post_type=product&#038;p=1479"},"modified":"2025-09-26T20:44:32","modified_gmt":"2025-09-26T19:44:32","slug":"poradnik-mlodego-nauczyciela-klas-1-3-ebook","status":"publish","type":"product","link":"https:\/\/www.weecando.com\/en\/product\/poradnik-mlodego-nauczyciela-klas-1-3-ebook\/","title":{"rendered":"Poradnik m\u0142odego nauczyciela klas 1-3 EBOOK"},"content":{"rendered":"<p data-pm-slice=\"1 1 []\"><strong>Co znajdziesz w \u015brodku?<\/strong><br \/>\n45 stron konkret\u00f3w, pomys\u0142\u00f3w i gotowc\u00f3w:<br \/>\n\u2022 Dyplomy dla uczni\u00f3w na rozpocz\u0119cie roku szkolnego<br \/>\n\u2022 Propozycje upomink\u00f3w powitalnych<br \/>\n\u2022 Planowanie pierwszego dnia oraz zebrania z rodzicami<br \/>\n\u2022 Scenariusz pasowania na ucznia<br \/>\n\u2022 Ponad 20 zabaw integracyjnych, kt\u00f3re naprawd\u0119 dzia\u0142aj\u0105<br \/>\n\u2022 Porady na trudne sytuacje wychowawcze<br \/>\n\u2022 Wskaz\u00f3wki do wprowadzania liter i cyfr w klasie 1<\/p>\n<p>To nie teoria \u2013 to <strong>skuteczne narz\u0119dzie<\/strong>, kt\u00f3re pomo\u017ce Ci spokojnie i z u\u015bmiechem wej\u015b\u0107 w nowy rok szkolny.<br \/>\nGotowy na dobry start? Ten poradnik to Tw\u00f3j niezb\u0119dnik!<\/p>\n<p data-pm-slice=\"1 1 []\">Tu mo\u017cesz pobra\u0107 fragment:<\/p>\n<p><a href=\"https:\/\/drive.google.com\/file\/d\/1TDWbF7M7wPoVos6f-1hVO_eMOJNoiFLV\/view?usp=sharing\" target=\"_blank\" rel=\"noopener noreferrer nofollow\">https:\/\/drive.google.com\/file\/d\/1TDWbF7M7wPoVos6f-1hVO_eMOJNoiFLV\/view?usp=sharing<\/a><\/p>","protected":false},"excerpt":{"rendered":"<p>Zaczynasz prac\u0119 jako nauczyciel w klasach 1\u20133 i chcesz poczu\u0107 si\u0119 pewnie ju\u017c od pierwszego dnia? Prz<\/p>","protected":false},"featured_media":1480,"comment_status":"open","ping_status":"closed","template":"","meta":{"_eb_attr":""},"product_brand":[],"product_cat":[16],"product_tag":[],"class_list":{"0":"post-1479","1":"product","2":"type-product","3":"status-publish","4":"has-post-thumbnail","6":"product_cat-inne","8":"first","9":"instock","10":"sale","11":"downloadable","12":"taxable","13":"shipping-taxable","14":"purchasable","15":"product-type-simple"},"jetpack_sharing_enabled":true,"_links":{"self":[{"href":"https:\/\/www.weecando.com\/en\/wp-json\/wp\/v2\/product\/1479","targetHints":{"allow":["GET"]}}],"collection":[{"href":"https:\/\/www.weecando.com\/en\/wp-json\/wp\/v2\/product"}],"about":[{"href":"https:\/\/www.weecando.com\/en\/wp-json\/wp\/v2\/types\/product"}],"replies":[{"embeddable":true,"href":"https:\/\/www.weecando.com\/en\/wp-json\/wp\/v2\/comments?post=1479"}],"wp:featuredmedia":[{"embeddable":true,"href":"https:\/\/www.weecando.com\/en\/wp-json\/wp\/v2\/media\/1480"}],"wp:attachment":[{"href":"https:\/\/www.weecando.com\/en\/wp-json\/wp\/v2\/media?parent=1479"}],"wp:term":[{"taxonomy":"product_brand","embeddable":true,"href":"https:\/\/www.weecando.com\/en\/wp-json\/wp\/v2\/product_brand?post=1479"},{"taxonomy":"product_cat","embeddable":true,"href":"https:\/\/www.weecando.com\/en\/wp-json\/wp\/v2\/product_cat?post=1479"},{"taxonomy":"product_tag","embeddable":true,"href":"https:\/\/www.weecando.com\/en\/wp-json\/wp\/v2\/product_tag?post=1479"}],"curies":[{"name":"wp","href":"https:\/\/api.w.org\/{rel}","templated":true}]}}