{"id":1386,"date":"2024-12-15T23:22:41","date_gmt":"2024-12-15T22:22:41","guid":{"rendered":"https:\/\/www.weecando.com\/?post_type=product&#038;p=1386"},"modified":"2025-07-01T18:14:31","modified_gmt":"2025-07-01T17:14:31","slug":"pakiet-swiateczny-lapbook-kolorowanki-kartki-swiateczne","status":"publish","type":"product","link":"https:\/\/www.weecando.com\/en\/product\/pakiet-swiateczny-lapbook-kolorowanki-kartki-swiateczne\/","title":{"rendered":"Pakiet \u015bwi\u0105teczny &#8211; Lapbook + kolorowanki + kartki \u015bwi\u0105teczne"},"content":{"rendered":"<p>Wielki zestaw \u015bwi\u0105teczny dla klas 1-3.\u00a0 W zestawie lapbook z 14 stronami pomys\u0142\u00f3w &#8211; 3 wzory kopert, karty obrazkowe + karty wyrazowe do memory lub mini flashcards, obrazki z prezentami, kubek ze \u015bwi\u0105teczn\u0105 herbat\u0105, wykre\u015blanka oraz mini kolorowanka w formie harmonijki. W sk\u0142ad tego pakietu wchodz\u0105 tak\u017ce 27 kolorowanek \u015bwi\u0105tecznych, 10 kartek z \u017cyczeniami w j\u0119zyku angielskim oraz 10 plakat\u00f3w do powieszenia w klasie z tymi samymi wzorami co na kartkach.<\/p>","protected":false},"excerpt":{"rendered":"<p>Wielki \u015awi\u0105teczny Pakiet dla klas 1-3! Lapbook + kolorowanki + kartki \u015bwi\u0105teczne z \u017cyczeniami i plakaty \u015bwi\u0105teczne!<\/p>","protected":false},"featured_media":1392,"comment_status":"open","ping_status":"closed","template":"","meta":{"_eb_attr":""},"product_brand":[],"product_cat":[125,16],"product_tag":[182,179],"class_list":{"0":"post-1386","1":"product","2":"type-product","3":"status-publish","4":"has-post-thumbnail","6":"product_cat-dekoracje","7":"product_cat-inne","8":"product_tag-boze-narodzenie-christmas","9":"product_tag-swieta","11":"first","12":"instock","13":"downloadable","14":"purchasable","15":"product-type-simple"},"jetpack_sharing_enabled":true,"_links":{"self":[{"href":"https:\/\/www.weecando.com\/en\/wp-json\/wp\/v2\/product\/1386","targetHints":{"allow":["GET"]}}],"collection":[{"href":"https:\/\/www.weecando.com\/en\/wp-json\/wp\/v2\/product"}],"about":[{"href":"https:\/\/www.weecando.com\/en\/wp-json\/wp\/v2\/types\/product"}],"replies":[{"embeddable":true,"href":"https:\/\/www.weecando.com\/en\/wp-json\/wp\/v2\/comments?post=1386"}],"wp:featuredmedia":[{"embeddable":true,"href":"https:\/\/www.weecando.com\/en\/wp-json\/wp\/v2\/media\/1392"}],"wp:attachment":[{"href":"https:\/\/www.weecando.com\/en\/wp-json\/wp\/v2\/media?parent=1386"}],"wp:term":[{"taxonomy":"product_brand","embeddable":true,"href":"https:\/\/www.weecando.com\/en\/wp-json\/wp\/v2\/product_brand?post=1386"},{"taxonomy":"product_cat","embeddable":true,"href":"https:\/\/www.weecando.com\/en\/wp-json\/wp\/v2\/product_cat?post=1386"},{"taxonomy":"product_tag","embeddable":true,"href":"https:\/\/www.weecando.com\/en\/wp-json\/wp\/v2\/product_tag?post=1386"}],"curies":[{"name":"wp","href":"https:\/\/api.w.org\/{rel}","templated":true}]}}