{"id":1380,"date":"2024-11-10T01:52:51","date_gmt":"2024-11-10T00:52:51","guid":{"rendered":"https:\/\/www.weecando.com\/?post_type=product&#038;p=1380"},"modified":"2025-07-01T18:18:13","modified_gmt":"2025-07-01T17:18:13","slug":"kartki-swiateczne","status":"publish","type":"product","link":"https:\/\/www.weecando.com\/en\/product\/kartki-swiateczne\/","title":{"rendered":"Kartki \u015bwi\u0105teczne"},"content":{"rendered":"<p>Kartki \u015bwi\u0105teczne w stylu retro, delikatne i uniwersalne.<\/p>","protected":false},"excerpt":{"rendered":"<p>Zestaw pi\u0119knych 10 kartek \u015bwi\u0105tecznych w j\u0119zyku angielskim. Spraw prezent swoim uczniom, wydrukuj, wpisz swoje \u017cyczenia, w\u0142\u00f3\u017c do koperty i gotowe!<\/p>","protected":false},"featured_media":1385,"comment_status":"open","ping_status":"closed","template":"","meta":{"_eb_attr":""},"product_brand":[],"product_cat":[125,121],"product_tag":[180,178,181,179],"class_list":{"0":"post-1380","1":"product","2":"type-product","3":"status-publish","4":"has-post-thumbnail","6":"product_cat-dekoracje","7":"product_cat-jezyk-angielski","8":"product_tag-boze-narodzenie","9":"product_tag-christmas","10":"product_tag-kartkiswiateczne","11":"product_tag-swieta","13":"first","14":"instock","15":"downloadable","16":"taxable","17":"shipping-taxable","18":"purchasable","19":"product-type-simple"},"jetpack_sharing_enabled":true,"_links":{"self":[{"href":"https:\/\/www.weecando.com\/en\/wp-json\/wp\/v2\/product\/1380","targetHints":{"allow":["GET"]}}],"collection":[{"href":"https:\/\/www.weecando.com\/en\/wp-json\/wp\/v2\/product"}],"about":[{"href":"https:\/\/www.weecando.com\/en\/wp-json\/wp\/v2\/types\/product"}],"replies":[{"embeddable":true,"href":"https:\/\/www.weecando.com\/en\/wp-json\/wp\/v2\/comments?post=1380"}],"wp:featuredmedia":[{"embeddable":true,"href":"https:\/\/www.weecando.com\/en\/wp-json\/wp\/v2\/media\/1385"}],"wp:attachment":[{"href":"https:\/\/www.weecando.com\/en\/wp-json\/wp\/v2\/media?parent=1380"}],"wp:term":[{"taxonomy":"product_brand","embeddable":true,"href":"https:\/\/www.weecando.com\/en\/wp-json\/wp\/v2\/product_brand?post=1380"},{"taxonomy":"product_cat","embeddable":true,"href":"https:\/\/www.weecando.com\/en\/wp-json\/wp\/v2\/product_cat?post=1380"},{"taxonomy":"product_tag","embeddable":true,"href":"https:\/\/www.weecando.com\/en\/wp-json\/wp\/v2\/product_tag?post=1380"}],"curies":[{"name":"wp","href":"https:\/\/api.w.org\/{rel}","templated":true}]}}