{"id":1231,"date":"2024-08-17T20:45:11","date_gmt":"2024-08-17T19:45:11","guid":{"rendered":"https:\/\/www.weecando.com\/?post_type=product&#038;p=1231"},"modified":"2025-03-14T00:10:35","modified_gmt":"2025-03-13T23:10:35","slug":"napisy-do-dekoracji-sali-cztery-pory-roku","status":"publish","type":"product","link":"https:\/\/www.weecando.com\/en\/product\/napisy-do-dekoracji-sali-cztery-pory-roku\/","title":{"rendered":"Napisy do dekoracji sali Cztery Pory Roku"},"content":{"rendered":"<p>Zestaw napis\u00f3w Cztery Pory Roku doskonale udekoruje Wasz\u0105 sal\u0119 lekcyjn\u0105 na ka\u017cd\u0105 z czterech p\u00f3r roku \ud83d\ude42<\/p>","protected":false},"excerpt":{"rendered":"<p>Zestaw napis\u00f3w Cztery Pory Roku doskonale udekoruje Wasz\u0105 sal\u0119 lekcyjn\u0105 na ka\u017cd\u0105 z czterech p\u00f3r roku \ud83d\ude42<\/p>","protected":false},"featured_media":1233,"comment_status":"open","ping_status":"closed","template":"","meta":{"_eb_attr":""},"product_brand":[],"product_cat":[125],"product_tag":[164],"class_list":{"0":"post-1231","1":"product","2":"type-product","3":"status-publish","4":"has-post-thumbnail","6":"product_cat-dekoracje","7":"product_tag-dekoracje","9":"first","10":"instock","11":"downloadable","12":"taxable","13":"shipping-taxable","14":"purchasable","15":"product-type-simple"},"jetpack_sharing_enabled":true,"_links":{"self":[{"href":"https:\/\/www.weecando.com\/en\/wp-json\/wp\/v2\/product\/1231","targetHints":{"allow":["GET"]}}],"collection":[{"href":"https:\/\/www.weecando.com\/en\/wp-json\/wp\/v2\/product"}],"about":[{"href":"https:\/\/www.weecando.com\/en\/wp-json\/wp\/v2\/types\/product"}],"replies":[{"embeddable":true,"href":"https:\/\/www.weecando.com\/en\/wp-json\/wp\/v2\/comments?post=1231"}],"wp:featuredmedia":[{"embeddable":true,"href":"https:\/\/www.weecando.com\/en\/wp-json\/wp\/v2\/media\/1233"}],"wp:attachment":[{"href":"https:\/\/www.weecando.com\/en\/wp-json\/wp\/v2\/media?parent=1231"}],"wp:term":[{"taxonomy":"product_brand","embeddable":true,"href":"https:\/\/www.weecando.com\/en\/wp-json\/wp\/v2\/product_brand?post=1231"},{"taxonomy":"product_cat","embeddable":true,"href":"https:\/\/www.weecando.com\/en\/wp-json\/wp\/v2\/product_cat?post=1231"},{"taxonomy":"product_tag","embeddable":true,"href":"https:\/\/www.weecando.com\/en\/wp-json\/wp\/v2\/product_tag?post=1231"}],"curies":[{"name":"wp","href":"https:\/\/api.w.org\/{rel}","templated":true}]}}