{"id":1215,"date":"2024-08-15T23:16:42","date_gmt":"2024-08-15T22:16:42","guid":{"rendered":"https:\/\/www.weecando.com\/?post_type=product&#038;p=1215"},"modified":"2025-03-14T00:10:35","modified_gmt":"2025-03-13T23:10:35","slug":"odkryj-zjednoczone-krolestwo-5-prezentacji","status":"publish","type":"product","link":"https:\/\/www.weecando.com\/en\/product\/odkryj-zjednoczone-krolestwo-5-prezentacji\/","title":{"rendered":"Odkryj Zjednoczone Kr\u00f3lestwo &#8211; 5 prezentacji!"},"content":{"rendered":"<p>Ka\u017cda z prezentacji stworzona jest na wz\u00f3r bit\u00f3w inteligencji, gdzie na bia\u0142ym tle znajduje si\u0119 minimum tekstu &#8211; nazwa kategorii i informacja, co sprzyja zapami\u0119tywaniu podanych informacji. Pakiet sk\u0142ada si\u0119 z 5 prezentacji o Szkocji, Walii, Anglii, Irlandii P\u00f3\u0142nocnej i prezentacji o Wielkiej Brytanii. Na ko\u0144cu ka\u017cdej prezentacji 10 fakt\u00f3w do pracy z bitami inteligencji. Prezentacje w j\u0119zyku angielskim.<\/p>","protected":false},"excerpt":{"rendered":"<p>Wielki pakiet 5 prezentacji o Zjednoczonym Kr\u00f3lestwie &#8211; w pakiecie Szkocja, Walia, Anglia, Irlandia P\u00f3\u0142nocna i prezentacja o Wielkiej Brytanii.<\/p>","protected":false},"featured_media":1218,"comment_status":"open","ping_status":"closed","template":"","meta":{"_eb_attr":""},"product_brand":[],"product_cat":[121],"product_tag":[154,150,160,163],"class_list":{"0":"post-1215","1":"product","2":"type-product","3":"status-publish","4":"has-post-thumbnail","6":"product_cat-jezyk-angielski","7":"product_tag-lekcjakulturowa-2","8":"product_tag-prezentacjakulturowa","9":"product_tag-unitedkingdom","10":"product_tag-zjednoczonekrolestwo","12":"first","13":"instock","14":"downloadable","15":"purchasable","16":"product-type-simple"},"jetpack_sharing_enabled":true,"_links":{"self":[{"href":"https:\/\/www.weecando.com\/en\/wp-json\/wp\/v2\/product\/1215","targetHints":{"allow":["GET"]}}],"collection":[{"href":"https:\/\/www.weecando.com\/en\/wp-json\/wp\/v2\/product"}],"about":[{"href":"https:\/\/www.weecando.com\/en\/wp-json\/wp\/v2\/types\/product"}],"replies":[{"embeddable":true,"href":"https:\/\/www.weecando.com\/en\/wp-json\/wp\/v2\/comments?post=1215"}],"wp:featuredmedia":[{"embeddable":true,"href":"https:\/\/www.weecando.com\/en\/wp-json\/wp\/v2\/media\/1218"}],"wp:attachment":[{"href":"https:\/\/www.weecando.com\/en\/wp-json\/wp\/v2\/media?parent=1215"}],"wp:term":[{"taxonomy":"product_brand","embeddable":true,"href":"https:\/\/www.weecando.com\/en\/wp-json\/wp\/v2\/product_brand?post=1215"},{"taxonomy":"product_cat","embeddable":true,"href":"https:\/\/www.weecando.com\/en\/wp-json\/wp\/v2\/product_cat?post=1215"},{"taxonomy":"product_tag","embeddable":true,"href":"https:\/\/www.weecando.com\/en\/wp-json\/wp\/v2\/product_tag?post=1215"}],"curies":[{"name":"wp","href":"https:\/\/api.w.org\/{rel}","templated":true}]}}