{"id":1210,"date":"2024-08-15T23:10:33","date_gmt":"2024-08-15T22:10:33","guid":{"rendered":"https:\/\/www.weecando.com\/?post_type=product&#038;p=1210"},"modified":"2025-03-14T00:10:35","modified_gmt":"2025-03-13T23:10:35","slug":"odkryj-irlandie-polnocna","status":"publish","type":"product","link":"https:\/\/www.weecando.com\/en\/product\/odkryj-irlandie-polnocna\/","title":{"rendered":"Odkryj Irlandi\u0119 P\u00f3\u0142nocn\u0105"},"content":{"rendered":"<p>Prezentacja na lekcj\u0119 kulturow\u0105 w stylu bit\u00f3w inteligencji, czyli na jednej bia\u0142ej stronie znajduje si\u0119 kategoria i najwa\u017cniejsza informacja do zapami\u0119tania. Do wi\u0119kszo\u015bci wyraz\u00f3w jest tak\u017ce obraz pokazuj\u0105cy dany symbol czy flag\u0119. To czwarta cz\u0119\u015b\u0107 z serii prezentacji kulturowych o Wielkiej Brytanii.<\/p>","protected":false},"excerpt":{"rendered":"<p>Prezentacja o Irlandii P\u00f3\u0142nocnej, czyli o tym co tam najwa\u017cniejsze i najpi\u0119kniejsze. To czwarta cz\u0119\u015b\u0107 z serii prezentacji o Zjednoczonym Kr\u00f3lestwie.<\/p>","protected":false},"featured_media":1212,"comment_status":"open","ping_status":"closed","template":"","meta":{"_eb_attr":""},"product_brand":[],"product_cat":[121],"product_tag":[149,161,154,162,150,148,160,159],"class_list":{"0":"post-1210","1":"product","2":"type-product","3":"status-publish","4":"has-post-thumbnail","6":"product_cat-jezyk-angielski","7":"product_tag-bityinteligencji","8":"product_tag-irlandiapolnocna","9":"product_tag-lekcjakulturowa-2","10":"product_tag-northernireland","11":"product_tag-prezentacjakulturowa","12":"product_tag-prostaprezentacja","13":"product_tag-unitedkingdom","14":"product_tag-zjednoczonekrolewstwo","16":"first","17":"instock","18":"downloadable","19":"purchasable","20":"product-type-simple"},"jetpack_sharing_enabled":true,"_links":{"self":[{"href":"https:\/\/www.weecando.com\/en\/wp-json\/wp\/v2\/product\/1210","targetHints":{"allow":["GET"]}}],"collection":[{"href":"https:\/\/www.weecando.com\/en\/wp-json\/wp\/v2\/product"}],"about":[{"href":"https:\/\/www.weecando.com\/en\/wp-json\/wp\/v2\/types\/product"}],"replies":[{"embeddable":true,"href":"https:\/\/www.weecando.com\/en\/wp-json\/wp\/v2\/comments?post=1210"}],"wp:featuredmedia":[{"embeddable":true,"href":"https:\/\/www.weecando.com\/en\/wp-json\/wp\/v2\/media\/1212"}],"wp:attachment":[{"href":"https:\/\/www.weecando.com\/en\/wp-json\/wp\/v2\/media?parent=1210"}],"wp:term":[{"taxonomy":"product_brand","embeddable":true,"href":"https:\/\/www.weecando.com\/en\/wp-json\/wp\/v2\/product_brand?post=1210"},{"taxonomy":"product_cat","embeddable":true,"href":"https:\/\/www.weecando.com\/en\/wp-json\/wp\/v2\/product_cat?post=1210"},{"taxonomy":"product_tag","embeddable":true,"href":"https:\/\/www.weecando.com\/en\/wp-json\/wp\/v2\/product_tag?post=1210"}],"curies":[{"name":"wp","href":"https:\/\/api.w.org\/{rel}","templated":true}]}}