{"id":1170,"date":"2024-08-10T10:20:54","date_gmt":"2024-08-10T09:20:54","guid":{"rendered":"https:\/\/www.weecando.com\/?post_type=product&#038;p=1170"},"modified":"2025-03-14T00:10:34","modified_gmt":"2025-03-13T23:10:34","slug":"in-the-park-pakiet-materialow","status":"publish","type":"product","link":"https:\/\/www.weecando.com\/en\/product\/in-the-park-pakiet-materialow\/","title":{"rendered":"In the park &#8211; pakiet materia\u0142\u00f3w"},"content":{"rendered":"<p>Pakiet materia\u0142\u00f3w do druku dla nauczycieli j\u0119zyka angielskiego do wykorzystania w grupach przedszkolnych.<\/p>\n<p>W pakiecie znajdziesz:<\/p>\n<ul>\n<li><strong>historyjk\u0119 aktywizuj\u0105c\u0105<\/strong> flip &#8211; flap &#8222;Hide and seek&#8221; o piesku i kotku bawi\u0105cych si\u0119 w chowanego.<\/li>\n<li><strong>du\u017ce karty obrazkowe<\/strong> (12 sztuk) + propozycje zabaw<\/li>\n<li><strong>ma\u0142e karty obrazkowe<\/strong> do gier (12 sztuk)<\/li>\n<li><strong>plansza do gier<\/strong> zawieraj\u0105ca wszystkie karty obrazkowe i polecenia + propozycje zabaw<\/li>\n<li><strong>karty do czytania globalnego<\/strong> (12 sztuk)<\/li>\n<li><strong>rymowank\u0119 &#8222;In the park&#8221;<\/strong> wraz z pomys\u0142ami na wykorzystanie<\/li>\n<li><strong>grafik\u0119 do kart obrazkowych\u00a0<\/strong>(do zadrukowania tylniej strony)<\/li>\n<\/ul>\n<p class=\"cvGsUA direction-ltr align-justify para-style-body\"><span class=\"OYPEnA font-feature-liga-off font-feature-clig-off font-feature-calt-off text-decoration-none text-strikethrough-none\">Zakres materia\u0142u:<\/span><\/p>\n<p class=\"cvGsUA direction-ltr align-justify para-style-body\"><span class=\"OYPEnA font-feature-liga-off font-feature-clig-off font-feature-calt-off text-decoration-none text-strikethrough-none\">Polecenia:<\/span><span class=\"OYPEnA font-feature-liga-off font-feature-clig-off font-feature-calt-off text-decoration-none text-strikethrough-none\"> kick a ball, have a picnic, <\/span><span class=\"OYPEnA font-feature-liga-off font-feature-clig-off font-feature-calt-off text-decoration-none text-strikethrough-none\">ride a scooter, slide, dig a hole, <\/span><span class=\"OYPEnA font-feature-liga-off font-feature-clig-off font-feature-calt-off text-decoration-none text-strikethrough-none\">touch the ground, swing, run, <\/span><span class=\"OYPEnA font-feature-liga-off font-feature-clig-off font-feature-calt-off text-decoration-none text-strikethrough-none\">play hide and seek, walk the dog.<\/span><\/p>\n<p class=\"cvGsUA direction-ltr align-justify para-style-body\"><span class=\"OYPEnA font-feature-liga-off font-feature-clig-off font-feature-calt-off text-decoration-none text-strikethrough-none\">Karty obrazkowe:<\/span><span class=\"OYPEnA font-feature-liga-off font-feature-clig-off font-feature-calt-off text-decoration-none text-strikethrough-none\"> It\u2019s a playground, <\/span><span class=\"OYPEnA font-feature-liga-off font-feature-clig-off font-feature-calt-off text-decoration-none text-strikethrough-none\">It\u2019s a sandpit, It\u2019s a flower, It\u2019s a tree, <\/span><span class=\"OYPEnA font-feature-liga-off font-feature-clig-off font-feature-calt-off text-decoration-none text-strikethrough-none\">It\u2019s a pond, It\u2019s a bench, It\u2019s a pebble, <\/span><span class=\"OYPEnA font-feature-liga-off font-feature-clig-off font-feature-calt-off text-decoration-none text-strikethrough-none\">It\u2019s a squirrel, It\u2019s a ladybird, It\u2019s a butterfly, <\/span><span class=\"OYPEnA font-feature-liga-off font-feature-clig-off font-feature-calt-off text-decoration-none text-strikethrough-none\">It\u2019s a duck, It\u2019s a path.<\/span><\/p>\n<p class=\"cvGsUA direction-ltr align-justify para-style-body\"><span class=\"OYPEnA font-feature-liga-off font-feature-clig-off font-feature-calt-off text-decoration-none text-strikethrough-none\">Wyra\u017cenia z historyjki:<\/span><span class=\"OYPEnA font-feature-liga-off font-feature-clig-off font-feature-calt-off text-decoration-none text-strikethrough-none\"> Where are you? A<\/span><span class=\"OYPEnA font-feature-liga-off font-feature-clig-off font-feature-calt-off text-decoration-none text-strikethrough-none\">re you&#8230; behind \/ on \/ in \/ under..?<\/span><\/p>\n<p>&nbsp;<\/p>\n<p><strong>Wskaz\u00f3wka:\u00a0<\/strong><\/p>\n<p>Historyjk\u0119 nale\u017cy wydrukowa\u0107 dwustronnie &#8211; obrazek z jednej strony, tekst z drugiej &#8211; oraz zalaminowa\u0107. Na stronach 39 i 40 znajduj\u0105 si\u0119 elementy do zalaminowania, wyci\u0119cia i zas\u0142oni\u0119cia odpowiednich cz\u0119\u015bci w historyjce. U\u017cywam do tego masy mocuj\u0105cej blu tack.<\/p>","protected":false},"excerpt":{"rendered":"<p>In the park &#8211; pakiet materia\u0142\u00f3w do druku dla grup przedszkolnych.<\/p>","protected":false},"featured_media":1176,"comment_status":"open","ping_status":"closed","template":"","meta":{"_eb_attr":""},"product_brand":[],"product_cat":[121],"product_tag":[142,143,127],"class_list":{"0":"post-1170","1":"product","2":"type-product","3":"status-publish","4":"has-post-thumbnail","6":"product_cat-jezyk-angielski","7":"product_tag-jezyk-angielski-w-przedszkolu","8":"product_tag-materialy-do-druku","9":"product_tag-przedszkole","11":"first","12":"instock","13":"downloadable","14":"virtual","15":"taxable","16":"purchasable","17":"product-type-simple"},"jetpack_sharing_enabled":true,"_links":{"self":[{"href":"https:\/\/www.weecando.com\/en\/wp-json\/wp\/v2\/product\/1170","targetHints":{"allow":["GET"]}}],"collection":[{"href":"https:\/\/www.weecando.com\/en\/wp-json\/wp\/v2\/product"}],"about":[{"href":"https:\/\/www.weecando.com\/en\/wp-json\/wp\/v2\/types\/product"}],"replies":[{"embeddable":true,"href":"https:\/\/www.weecando.com\/en\/wp-json\/wp\/v2\/comments?post=1170"}],"wp:featuredmedia":[{"embeddable":true,"href":"https:\/\/www.weecando.com\/en\/wp-json\/wp\/v2\/media\/1176"}],"wp:attachment":[{"href":"https:\/\/www.weecando.com\/en\/wp-json\/wp\/v2\/media?parent=1170"}],"wp:term":[{"taxonomy":"product_brand","embeddable":true,"href":"https:\/\/www.weecando.com\/en\/wp-json\/wp\/v2\/product_brand?post=1170"},{"taxonomy":"product_cat","embeddable":true,"href":"https:\/\/www.weecando.com\/en\/wp-json\/wp\/v2\/product_cat?post=1170"},{"taxonomy":"product_tag","embeddable":true,"href":"https:\/\/www.weecando.com\/en\/wp-json\/wp\/v2\/product_tag?post=1170"}],"curies":[{"name":"wp","href":"https:\/\/api.w.org\/{rel}","templated":true}]}}