{"id":1037,"date":"2024-07-22T15:43:48","date_gmt":"2024-07-22T14:43:48","guid":{"rendered":"https:\/\/www.weecando.com\/?post_type=product&#038;p=1037"},"modified":"2025-09-26T21:00:20","modified_gmt":"2025-09-26T20:00:20","slug":"innowacja-pedagogiczna-emocje-nasza-supermoc-dla-przedszkola-w-grupie-5-6-latkow","status":"publish","type":"product","link":"https:\/\/www.weecando.com\/en\/product\/innowacja-pedagogiczna-emocje-nasza-supermoc-dla-przedszkola-w-grupie-5-6-latkow\/","title":{"rendered":"Innowacja pedagogiczna &#8222;Emocje moja SUPERMOC&#8221;-dla przedszkola w grupie 5-6 latk\u00f3w"},"content":{"rendered":"<p>Je\u015bli chcesz pom\u00f3c swoim podopiecznym w grupie przedszkolnej, bo widzisz, \u017ce maj\u0105 trudno\u015bci z wyra\u017caniem emocji, innowacja <strong>&#8222;Emocje moja SUPERMOC&#8221;<\/strong> jest tutaj rozwi\u0105zaniem. Mo\u017cesz przeprowadzi\u0107 j\u0105 w ci\u0105gu roku lub p\u00f3\u0142rocza.<\/p>\n<h3>Innowacja sk\u0142ada si\u0119 z 5 modu\u0142\u00f3w:<\/h3>\n<h4>5 emocji do pracy z\u00a0 dzie\u0107mi:<\/h4>\n<ol>\n<li><strong>Z\u0142o\u015b\u0107<\/strong><\/li>\n<li><strong>Poczucie w\u0142asnej warto\u015bci<\/strong><\/li>\n<li><strong>Wstyd<\/strong><\/li>\n<li><strong>Odwaga<\/strong><\/li>\n<li><strong>Napi\u0119cie<\/strong><\/li>\n<\/ol>\n<hr \/>\n<h3>Co zawiera innowacja?<\/h3>\n<ul>\n<li><strong>Kompletn\u0105 dokumentacj\u0119 do edycji<\/strong><\/li>\n<li><strong>Ponad 50 kart pracy\u00a0<\/strong><\/li>\n<li><strong>Szczeg\u00f3\u0142owy opis zabaw i \u0107wicze\u0144<\/strong><\/li>\n<li><strong>Autorskie bajki terapeutyczne<\/strong><\/li>\n<li><strong>Plakat do zawieszenia w sali<\/strong><\/li>\n<li><strong>Propozycj\u0119 ewaluacji<\/strong><\/li>\n<li><strong><strong>Zgod\u0119 autor\u00f3w<\/strong><\/strong>\n<p data-pm-slice=\"1 1 []\">TUTAJ MO\u017bESZ ZOBACZY\u0106 FRAGMENT:<\/p>\n<p><a href=\"https:\/\/drive.google.com\/file\/d\/1h6rfk9oXGyTRy0g8L2TQmjHIjMrY5mbz\/view?usp=sharing\" target=\"_blank\" rel=\"noopener noreferrer nofollow\">https:\/\/drive.google.com\/file\/d\/1h6rfk9oXGyTRy0g8L2TQmjHIjMrY5mbz\/view?usp=sharing<\/a><\/li>\n<\/ul>\n<p>&nbsp;<\/p>","protected":false},"excerpt":{"rendered":"<p><strong>Innowacja Pedagogiczna &#8222;Emocje moja SUPERMOC&#8221;<\/strong><\/p>\n<p>&nbsp;<\/p>","protected":false},"featured_media":1066,"comment_status":"open","ping_status":"closed","template":"","meta":{"_eb_attr":""},"product_brand":[],"product_cat":[118],"product_tag":[],"class_list":{"0":"post-1037","1":"product","2":"type-product","3":"status-publish","4":"has-post-thumbnail","6":"product_cat-nauczanie-zintegrowane","8":"first","9":"instock","10":"sale","11":"downloadable","12":"taxable","13":"shipping-taxable","14":"purchasable","15":"product-type-simple"},"jetpack_sharing_enabled":true,"_links":{"self":[{"href":"https:\/\/www.weecando.com\/en\/wp-json\/wp\/v2\/product\/1037","targetHints":{"allow":["GET"]}}],"collection":[{"href":"https:\/\/www.weecando.com\/en\/wp-json\/wp\/v2\/product"}],"about":[{"href":"https:\/\/www.weecando.com\/en\/wp-json\/wp\/v2\/types\/product"}],"replies":[{"embeddable":true,"href":"https:\/\/www.weecando.com\/en\/wp-json\/wp\/v2\/comments?post=1037"}],"wp:featuredmedia":[{"embeddable":true,"href":"https:\/\/www.weecando.com\/en\/wp-json\/wp\/v2\/media\/1066"}],"wp:attachment":[{"href":"https:\/\/www.weecando.com\/en\/wp-json\/wp\/v2\/media?parent=1037"}],"wp:term":[{"taxonomy":"product_brand","embeddable":true,"href":"https:\/\/www.weecando.com\/en\/wp-json\/wp\/v2\/product_brand?post=1037"},{"taxonomy":"product_cat","embeddable":true,"href":"https:\/\/www.weecando.com\/en\/wp-json\/wp\/v2\/product_cat?post=1037"},{"taxonomy":"product_tag","embeddable":true,"href":"https:\/\/www.weecando.com\/en\/wp-json\/wp\/v2\/product_tag?post=1037"}],"curies":[{"name":"wp","href":"https:\/\/api.w.org\/{rel}","templated":true}]}}