{"id":1032,"date":"2024-07-22T11:50:07","date_gmt":"2024-07-22T10:50:07","guid":{"rendered":"https:\/\/www.weecando.com\/?post_type=product&#038;p=1032"},"modified":"2025-03-14T00:10:34","modified_gmt":"2025-03-13T23:10:34","slug":"karty-emocje-dla-klas-1-3","status":"publish","type":"product","link":"https:\/\/www.weecando.com\/en\/product\/karty-emocje-dla-klas-1-3\/","title":{"rendered":"Karty EMOCJE dla klas 1-3"},"content":{"rendered":"<p><strong>23 Karty Pracy:<\/strong> Ka\u017cda karta zawiera zadania edukacyjne zwi\u0105zane z emocjami.<\/p>\n<p><strong>Kr\u00f3tkie Opowiadania Chmurki:<\/strong> Historie, kt\u00f3re ucz\u0105 dzieci o r\u00f3\u017cnych emocjach, takich jak:<\/p>\n<ul>\n<li><strong>Z\u0142o\u015b\u0107<\/strong><\/li>\n<li><strong>Poczucie W\u0142asnej Warto\u015bci<\/strong><\/li>\n<li><strong>Wdzi\u0119czno\u015b\u0107<\/strong><\/li>\n<li><strong>Odwaga<\/strong><\/li>\n<li><strong>Napi\u0119cie<\/strong><br \/>\n<h3>Dlaczego warto?<\/h3>\n<ul>\n<li><strong>Edukacja Emocjonalna:<\/strong> Pomo\u017ce\u00a0 dzieciom lepiej rozumie\u0107 i radzi\u0107 sobie z emocjami.<\/li>\n<li><strong>Interaktywne Zadania:<\/strong> Rozwijaj\u0105 umiej\u0119tno\u015bci logiczne, kreatywno\u015b\u0107 i koncentracj\u0119.<\/li>\n<li><strong>Wzmacnianie Warto\u015bci:<\/strong> Ucz\u0105 wa\u017cnych warto\u015bci i postaw \u017cyciowych<\/li>\n<\/ul>\n<\/li>\n<\/ul>","protected":false},"excerpt":{"rendered":"<p><strong>Karty EMOCJE dla klas 1-3<\/strong><\/p>","protected":false},"featured_media":1069,"comment_status":"open","ping_status":"closed","template":"","meta":{"_eb_attr":""},"product_brand":[],"product_cat":[118],"product_tag":[],"class_list":{"0":"post-1032","1":"product","2":"type-product","3":"status-publish","4":"has-post-thumbnail","6":"product_cat-nauczanie-zintegrowane","8":"first","9":"instock","10":"sale","11":"downloadable","12":"taxable","13":"shipping-taxable","14":"purchasable","15":"product-type-simple"},"jetpack_sharing_enabled":true,"_links":{"self":[{"href":"https:\/\/www.weecando.com\/en\/wp-json\/wp\/v2\/product\/1032","targetHints":{"allow":["GET"]}}],"collection":[{"href":"https:\/\/www.weecando.com\/en\/wp-json\/wp\/v2\/product"}],"about":[{"href":"https:\/\/www.weecando.com\/en\/wp-json\/wp\/v2\/types\/product"}],"replies":[{"embeddable":true,"href":"https:\/\/www.weecando.com\/en\/wp-json\/wp\/v2\/comments?post=1032"}],"wp:featuredmedia":[{"embeddable":true,"href":"https:\/\/www.weecando.com\/en\/wp-json\/wp\/v2\/media\/1069"}],"wp:attachment":[{"href":"https:\/\/www.weecando.com\/en\/wp-json\/wp\/v2\/media?parent=1032"}],"wp:term":[{"taxonomy":"product_brand","embeddable":true,"href":"https:\/\/www.weecando.com\/en\/wp-json\/wp\/v2\/product_brand?post=1032"},{"taxonomy":"product_cat","embeddable":true,"href":"https:\/\/www.weecando.com\/en\/wp-json\/wp\/v2\/product_cat?post=1032"},{"taxonomy":"product_tag","embeddable":true,"href":"https:\/\/www.weecando.com\/en\/wp-json\/wp\/v2\/product_tag?post=1032"}],"curies":[{"name":"wp","href":"https:\/\/api.w.org\/{rel}","templated":true}]}}