{"id":857,"date":"2024-07-03T15:22:42","date_gmt":"2024-07-03T14:22:42","guid":{"rendered":"https:\/\/www.weecando.com\/?page_id=857"},"modified":"2025-06-24T17:42:19","modified_gmt":"2025-06-24T16:42:19","slug":"szczegoly-wspolpracy","status":"publish","type":"page","link":"https:\/\/www.weecando.com\/en\/szczegoly-wspolpracy\/","title":{"rendered":"Szczeg\u00f3\u0142y wsp\u00f3\u0142pracy"},"content":{"rendered":"<p><\/p>\n\n\n\n<h2 class=\"wp-block-heading has-text-align-center\">Dlaczego warto wsp\u00f3\u0142pracowa\u0107 z Weecando?<\/h2>\n\n\n\n<h4 class=\"wp-block-heading has-text-align-center\"><strong>W ramach Weecando jako tw\u00f3rca otrzymujesz<\/strong><\/h4>\n\n\n\n<h4 class=\"wp-block-heading has-text-align-center\">gotowy, w pe\u0142ni zautomatyzowany system sprzeda\u017cy,<\/h4>\n\n\n\n<h4 class=\"wp-block-heading has-text-align-center\">dzi\u0119ki kt\u00f3remu m.in :<\/h4>\n\n\n\n<h6 class=\"wp-block-heading has-text-align-center\">Zyskujesz miejsce do promocji swojej tw\u00f3rczo\u015bci<\/h6>\n\n\n\n<h6 class=\"wp-block-heading has-text-align-center\">Oszcz\u0119dzasz czas na r\u0119cznej wysy\u0142ce produkt\u00f3w<\/h6>\n\n\n\n<h6 class=\"wp-block-heading has-text-align-center\">Oszcz\u0119dzasz czas na sprawdzaniu przelew\u00f3w<\/h6>\n\n\n\n<h6 class=\"wp-block-heading has-text-align-center\">Nie musisz martwi\u0107 si\u0119 kwestiami technicznymi i informatycznymi<\/h6>\n\n\n\n<h6 class=\"wp-block-heading has-text-align-center\">Nie musisz zak\u0142ada\u0107 dzia\u0142alno\u015b\u0107 aby zacz\u0105\u0107 i mo\u017cesz skupi\u0107 si\u0119 na zarabianiu tu i teraz, bez obaw o kwestie prawno-podatkowe<\/h6>\n\n\n\n<h3 class=\"wp-block-heading has-text-align-center\"><strong>Weecando to przejrzyste warunki wsp\u00f3\u0142pracy<\/strong><\/h3>\n\n\n\n<div class=\"wp-block-essential-blocks-toggle-content  root-eb-toggle-ltvov\"><div class=\"eb-parent-wrapper eb-parent-eb-toggle-ltvov\"><div class=\"eb-toggle-ltvov eb-toggle-wrapper eb-toggle-primary\" data-init-content=\"primary\" data-size=\"m\" data-switch-style=\"rounded\" data-bg-type=\"solid\" data-bg-color=\"var(--eb-global-primary-color)\" data-bg-gradient=\"linear-gradient(45deg,#00F260,#0575E6)\" data-primary-color=\"var(--eb-global-text-color)\" data-secondary-color=\"var(--eb-global-text-color)\" data-active-color=\"var(--eb-global-heading-color)\"><div class=\"eb-toggle-heading\" style=\"display:none\"><input type=\"checkbox\" class=\"eb-text-switch-checkbox\" id=\"eb-914fc640-ef1f-415a-8d85-78b2808f1fcc\" style=\"display:none\"\/><div class=\"eb-text-switch-wrapper\"><div class=\"eb-text-switch-content\" style=\"margin-left:auto;margin-right:auto\"><label class=\"eb-text-switch-label\" for=\"eb-914fc640-ef1f-415a-8d85-78b2808f1fcc\"><div class=\"eb-text-switch-toggle\"><\/div><div class=\"eb-switch-names\"><span class=\"eb-toggle-primary-label-text\">Firma<\/span><span class=\"eb-toggle-secondary-label-text\">Osoba fizyczna<\/span><\/div><\/label><\/div><\/div><\/div><div class=\"eb-toggle-heading\" style=\"display:block\"><span class=\"eb-toggle-primary-label\">Firma<\/span><label class=\"eb-toggle-switch toggle-m\"><input class=\"eb-toggle-input\" type=\"checkbox\"\/><span class=\"eb-toggle-controller\"><\/span><span class=\"eb-toggle-slider\"><\/span><\/label><span class=\"eb-toggle-none eb-toggle-seperator\"><\/span><span class=\"eb-toggle-secondary-label\">Osoba fizyczna<\/span><\/div><div class=\"eb-toggle-content\">\n<div class=\"wp-block-essential-blocks-wrapper  root-eb-wrapper-sacsb\"><div class=\"eb-parent-wrapper eb-parent-eb-wrapper-sacsb\"><div class=\"eb-wrapper-outer eb-wrapper-sacsb\"><div class=\"eb-wrapper-inner\"><div class=\"eb-wrapper-inner-blocks eb-wrapper-align-center\">\n<p class=\"has-text-align-center\">Je\u015bli prowadzisz w\u0142asn\u0105 dzia\u0142alno\u015b\u0107, sprawa jest prosta i rozliczasz si\u0119 z nami wystawiaj\u0105c nam faktur\u0119 na poni\u017csze dane.<\/p>\n\n\n\n<p class=\"has-text-align-center\">GUIDELIGHT SP\u00d3\u0141KA Z OGRANICZON\u0104 ODPOWIEDZIALNO\u015aCI\u0104<\/p>\n\n\n\n<p class=\"has-text-align-center\">RELAKSOWA 12\/17, 20-819 LUBLIN<\/p>\n\n\n\n<p class=\"has-text-align-center\">NIP: 7123462115<\/p>\n<\/div><\/div><\/div><\/div><\/div>\n\n\n\n<div class=\"wp-block-essential-blocks-wrapper  root-eb-wrapper-6r8h0\"><div class=\"eb-parent-wrapper eb-parent-eb-wrapper-6r8h0\"><div class=\"eb-wrapper-outer eb-wrapper-6r8h0\"><div class=\"eb-wrapper-inner\"><div class=\"eb-wrapper-inner-blocks eb-wrapper-align-center\">\n<p class=\"has-text-align-center\">Je\u015bli rozliczasz si\u0119 jako osoba fizyczna nie prowadz\u0105ca w\u0142asnej dzia\u0142alno\u015bci, mo\u017cesz wybra\u0107 model rozliczenia w Twojej ocenie najkorzystniejszy dla Ciebie<\/p>\n\n\n\n<p class=\"has-text-align-center\">Rozliczasz si\u0119 udzielaj\u0105c nam <strong>licencji niewy\u0142\u0105cznej<\/strong>, <strong>wy\u0142\u0105cznej <\/strong>lub <strong>wy\u0142\u0105cznej z przekazaniem autorskich praw maj\u0105tkowych<\/strong> (zyskuj\u0105c dodatkowo ulg\u0119 podatkow\u0105).<\/p>\n\n\n\n<p><\/p>\n\n\n\n<h5 class=\"wp-block-heading has-text-align-center\">Jakie s\u0105 korzy\u015bci wsp\u00f3\u0142pracy z Weecando jako osoby fizycznej?<\/h5>\n\n\n\n<p class=\"has-text-align-center\">Brak konieczno\u015bci prowadzenia dzia\u0142alno\u015bci gospodarczej<\/p>\n\n\n\n<p class=\"has-text-align-center\">Nie p\u0142acisz ZUS (oszcz\u0119dzasz nawet kilkadziesi\u0105t tysi\u0119cy z\u0142otych rocznie!)<\/p>\n\n\n\n<p class=\"has-text-align-center\">Nie p\u0142acisz sk\u0142adki zdrowotnej (oszcz\u0119dzasz nawet kilkadziesi\u0105t tysi\u0119cy z\u0142otych rocznie!)<\/p>\n\n\n\n<p class=\"has-text-align-center\">Nie musisz samodzielnie odprowadza\u0107 podatku (Weecando jest p\u0142atnikiem)<\/p>\n\n\n\n<p class=\"has-text-align-center\">Niski podatek dochodowy (oszcz\u0119dzasz nawet kilkadziesi\u0105t tysi\u0119cy z\u0142otych rocznie!)<\/p>\n\n\n\n<p><\/p>\n\n\n\n<p class=\"has-text-align-center\">W zale\u017cno\u015bci od udzielonej licencji Tw\u00f3j podatek wynosi efektywnie:<\/p>\n\n\n\n<p class=\"has-text-align-center\">a) <strong>licencja niewy\u0142\u0105czna<\/strong> (publikujesz, gdzie chcesz)<\/p>\n\n\n\n<p class=\"has-text-align-center\">12% * 80% (standardowe koszty uzyskania przychodu) = 9,6%<\/p>\n\n\n\n<p class=\"has-text-align-center\">b)<strong> licencja wy\u0142\u0105czna <\/strong>(publikujesz wy\u0142\u0105cznie na Weecando)<\/p>\n\n\n\n<p class=\"has-text-align-center\">12% * 80% (standardowe koszty uzyskania przychodu)= 9,6%<\/p>\n\n\n\n<p class=\"has-text-align-center\">c) <strong>licencja wy\u0142\u0105czna z przekazaniem praw autorskich<\/strong><\/p>\n\n\n\n<p class=\"has-text-align-center\">12% * 50% (koszty uzyskania przychodu) = 6%<\/p>\n\n\n\n<p><\/p>\n\n\n\n<p class=\"has-text-align-center\">Tu te\u017c oszcz\u0119dzasz nawet kilkadziesi\u0105t tysi\u0119cy z\u0142otych rocznie!<\/p>\n\n\n\n<p class=\"has-text-align-center\">Co wi\u0119cej, je\u015bli nie wykorzysta\u0142e\u015b kwoty wolnej od podatku (oraz innych ulg), Twoje obci\u0105\u017cenie podatkowe mo\u017ce by\u0107 jeszcze ni\u017csze.<\/p>\n<\/div><\/div><\/div><\/div><\/div>\n<\/div><\/div><\/div><\/div>\n\n\n\n<p class=\"has-text-align-center\"><\/p>\n\n\n\n<p class=\"has-text-align-center\"><\/p>\n\n\n\n<div class=\"wp-block-group is-layout-constrained wp-block-group-is-layout-constrained\">\n<div class=\"wp-block-columns is-layout-flex wp-container-core-columns-is-layout-28f84493 wp-block-columns-is-layout-flex\">\n<div class=\"wp-block-column is-layout-flow wp-block-column-is-layout-flow\" style=\"flex-basis:100%\">\n<div class=\"wp-block-essential-blocks-advanced-tabs alignwide  root-eb-advanced-tabs-5pf8j\"><div class=\"eb-parent-wrapper eb-parent-eb-advanced-tabs-5pf8j\"><div class=\"eb-advanced-tabs-5pf8j eb-advanced-tabs-wrapper horizontal\" data-min-height=\"true\"><div class=\"eb-tabs-nav\"><ul class=\"tabTitles\" data-tabs-ul-id=\"eb-advanced-tabs-5pf8j\"><li data-title-tab-id=\"1\" data-title-custom-id=\"\" class=\"active\"><i icon=\"fas fa-home\" class=\"fas fa-home tabIcon\"><\/i><h6 class=\"tab-title-text\">BONUS 1<\/h6><\/li><li data-title-tab-id=\"2\" data-title-custom-id=\"\" class=\"inactive\"><i icon=\"fas fa-home\" class=\"fas fa-home tabIcon\"><\/i><h6 class=\"tab-title-text\">BONUS 2<\/h6><\/li><li data-title-tab-id=\"3\" data-title-custom-id=\"\" class=\"inactive\"><i icon=\"fas fa-home\" class=\"fas fa-home tabIcon\"><\/i><h6 class=\"tab-title-text\">BONUS 3<\/h6><\/li><\/ul><\/div><div class=\"eb-tabs-contents\">\n<div class=\"eb-tab-wrapper\" data-tab-id=\"1\" data-tab-parent-id=\"eb-advanced-tabs-5pf8j\"><div class=\"eb-tab-inner\">\n<p>W ramach planu <strong>Na start<\/strong> otrzymujesz specjalny bonus:  prowizja od sprzeda\u017cy wynosi jedynie <strong>5%<\/strong>. Prowizja ta obejmuje r\u00f3wnie\u017c koszty obs\u0142ugi bramek p\u0142atno\u015bci. To \u015bwietny spos\u00f3b, aby obni\u017cy\u0107 koszty na pocz\u0105tku dzia\u0142alno\u015bci i skupi\u0107 si\u0119 na rozwijaniu sprzeda\u017cy.<\/p>\n<\/div><\/div>\n\n\n\n<div class=\"eb-tab-wrapper\" data-tab-id=\"2\" data-tab-parent-id=\"eb-advanced-tabs-5pf8j\"><div class=\"eb-tab-inner\">\n<p>Jako bonus dla wszystkich u\u017cytkownik\u00f3w, platforma Weecando wdro\u017cy\u0142a p\u0142atno\u015bci przez tzw. <strong>portfel Weecando<\/strong> dzi\u0119ki czemu tw\u00f3rcy mog\u0105 oszcz\u0119dzi\u0107 na kosztach transakcyjnych, natomiast klienci uzyska\u0107 dodatkowe korzy\u015bci oferowane przez Weecando za p\u0142atno\u015b\u0107 portfelem. Weecando b\u0119dzie dokonywa\u0107 refundacji koszt\u00f3w transakcyjnych do wysoko\u015bci znacznie ni\u017cszej op\u0142aty portfelem Weecando.<\/p>\n\n\n\n<p>Przyk\u0142adowo, je\u015bli standardowy koszt transakcyjny wynosi 1 z\u0142, a koszt z portfelem Weecando 0,25 z\u0142, Weecando raz w roku w okresie wakacji dokona zwrotu w wysoko\u015bci  wielokrotno\u015bci 0,75 z\u0142.<\/p>\n\n\n\n<p>Z naszej perspektywy my\u015bl\u0119, \u017ce b\u0119dzie to fajny dodatek na okres wakacji dla ka\u017cdego nauczyciela, kt\u00f3ry w tym okresie aktywnie nie uczy \ud83d\ude42<\/p>\n<\/div><\/div>\n\n\n\n<div class=\"eb-tab-wrapper\" data-tab-id=\"3\" data-tab-parent-id=\"eb-advanced-tabs-5pf8j\"><div class=\"eb-tab-inner\">\n<p>Weecando zosta\u0142o stworzone <strong>przez nauczycieli dla nauczycieli<\/strong> \ud83d\ude42<\/p>\n\n\n\n<p>Dobrze wiemy, jakie s\u0105 bol\u0105czki i wyzwania tw\u00f3rc\u00f3w materia\u0142\u00f3w edukacyjnych, jako \u017ce sami mierzymy si\u0119 z nimi na co dzie\u0144, promuj\u0105c w\u0142asn\u0105 tw\u00f3rczo\u015b\u0107 edukacyjn\u0105.<\/p>\n\n\n\n<p>Dlatego te\u017c, dla ch\u0119tnych os\u00f3b, w ramach planu ekskluzywnego, jeste\u015bmy w stanie zaoferowa\u0107 <strong>pe\u0142ne wsparcie w promocji ich profilu<\/strong>. <\/p>\n<\/div><\/div>\n<\/div><\/div><\/div><\/div>\n<\/div>\n<\/div>\n<\/div>\n\n\n\n<div class=\"wp-block-columns is-layout-flex wp-container-core-columns-is-layout-28f84493 wp-block-columns-is-layout-flex\">\n<div class=\"wp-block-column is-layout-flow wp-block-column-is-layout-flow\" style=\"flex-basis:100%\">\n<div class=\"wp-block-group is-layout-constrained wp-block-group-is-layout-constrained\">\n<div class=\"wp-block-columns is-layout-flex wp-container-core-columns-is-layout-28f84493 wp-block-columns-is-layout-flex\">\n<div class=\"wp-block-column is-layout-flow wp-block-column-is-layout-flow\" style=\"flex-basis:100%\">\n<details class=\"wp-block-details is-layout-flow wp-block-details-is-layout-flow\"><summary>I jeszcze na koniec gwoli formalno\u015bci \ud83d\ude42<\/summary>\n<p>Dodaj\u0105c jakikolwiek materia\u0142 na Weecando o\u015bwiadczasz \u017ce dodane przez Ciebie materia\u0142y nie naruszaj\u0105, w spos\u00f3b po\u015bredni lub bezpo\u015bredni, praw os\u00f3b trzecich, oraz  posiadasz prawo, w szczeg\u00f3lno\u015bci autorskie prawa maj\u0105tkowe do czerpania korzy\u015bci z publikacji materia\u0142\u00f3w umieszczanych w twoim profilu<\/p>\n\n\n\n<p>Aby\u015bmy jako Weecando mogli pom\u00f3c Ci w promocji materia\u0142\u00f3w i jej dalszej sprzeda\u017cy klientom, dodaj\u0105c wszelkie materia\u0142y (w tym zdj\u0119cia, opisy, nagrania, grafiki i inne elementy b\u0119d\u0105ce sk\u0142adow\u0105 cz\u0119\u015bci\u0105 produktu) do swojego panelu, w ramach dowolnego planu cenowego, udzielasz nam odp\u0142atnej licencji (wedle wybranego planu cenowego) wraz z prawem do udzielania sublicencji, do dystrybucji i sprzeda\u017cy dodanych materia\u0142\u00f3w (b\u0119d\u0105cym formalnie tzw. wprowadzeniem przedmiotu licencji do obrotu) za po\u015brednictwem Weecando,  jak r\u00f3wnie\u017c udzielasz Weecando nieodp\u0142atnej licencji na ich u\u017cytkowanie bez ogranicze\u0144 czasowych i terytorialnych na wszystkich mo\u017cliwych polach eksploatacji, w szczeg\u00f3lno\u015bci tj 1. eksploatacja w ca\u0142o\u015bci lub we fragmentach w sieci on-line, w tym wprowadzania do pami\u0119ci komputera lub rozpowszechniania w sieci multimedialnej, w tym w Internecie lub udost\u0119pnianie w postaci cyfrowej w nieograniczonej ilo\u015bci nada\u0144 i wielko\u015bci nak\u0142ad\u00f3w 2. wprowadzania do sieci komputerowej i sieci Internet; 3. wykorzystanie na stronach i w domenach internetowych; 4. wykorzystywanie w dowolnej formie na potrzeby reklamy lub promocji; 5. publiczne wy\u015bwietlenie, w tym publikowanie tych Przedmiot\u00f3w Licencji na stronie Weecando, na portalach spo\u0142eczno\u015bciowych, u partner\u00f3w Weecando i wszystkich innych miejscach powi\u0105zanych ze stron\u0105 Weecando; 5. publiczne udost\u0119pnianie w taki spos\u00f3b, aby ka\u017cdy m\u00f3g\u0142 mie\u0107 do nich dost\u0119p w miejscu i czasie przez siebie wybranym; 6. sporz\u0105dzanie i tworzenie opracowa\u0144 (dotycz\u0105cych ca\u0142o\u015bci lub cz\u0119\u015bci Przedmiot\u00f3w Licencji), w tym wykorzystywania i rozporz\u0105dzania tymi opracowaniami, wykorzystywanie, dystrybuowanie, uruchamianie, kopiowanie, wy\u015bwietlanie lub tworzenie na podstawie Przedmiot\u00f3w Licencji materia\u0142\u00f3w pochodnych; modyfikowanie, a w szczeg\u00f3lno\u015bci dopasowanie rozmiar\u00f3w Przedmiot\u00f3w Licencji przes\u0142anych czy w jakikolwiek inny spos\u00f3b udost\u0119pnionych Weecando przez U\u017cytkownika \u2013 zar\u00f3wno w, jak i poza Weecando.<\/p>\n\n\n\n<p><\/p>\n\n\n\n<p><\/p>\n<\/details>\n<\/div>\n<\/div>\n<\/div>\n<\/div>\n<\/div>\n\n\n\n<p><\/p>","protected":false},"excerpt":{"rendered":"<p>Dlaczego warto wsp\u00f3\u0142pracowa\u0107 z Weecando? W ramach Weecando jako tw\u00f3rca otrzymujesz gotowy, w pe\u0142ni zautomatyzowany system sprzeda\u017cy, dzi\u0119ki kt\u00f3remu m.in : Zyskujesz miejsce do promocji swojej tw\u00f3rczo\u015bci Oszcz\u0119dzasz czas na r\u0119cznej wysy\u0142ce produkt\u00f3w Oszcz\u0119dzasz czas na sprawdzaniu przelew\u00f3w Nie musisz martwi\u0107 si\u0119 kwestiami technicznymi i informatycznymi Nie musisz zak\u0142ada\u0107 dzia\u0142alno\u015b\u0107 aby zacz\u0105\u0107 i mo\u017cesz skupi\u0107 [&hellip;]<\/p>","protected":false},"author":1,"featured_media":0,"parent":0,"menu_order":0,"comment_status":"closed","ping_status":"closed","template":"","meta":{"_eb_attr":"","footnotes":""},"class_list":["post-857","page","type-page","status-publish","hentry"],"blocksy_meta":[],"jetpack_sharing_enabled":true,"_links":{"self":[{"href":"https:\/\/www.weecando.com\/en\/wp-json\/wp\/v2\/pages\/857","targetHints":{"allow":["GET"]}}],"collection":[{"href":"https:\/\/www.weecando.com\/en\/wp-json\/wp\/v2\/pages"}],"about":[{"href":"https:\/\/www.weecando.com\/en\/wp-json\/wp\/v2\/types\/page"}],"author":[{"embeddable":true,"href":"https:\/\/www.weecando.com\/en\/wp-json\/wp\/v2\/users\/1"}],"replies":[{"embeddable":true,"href":"https:\/\/www.weecando.com\/en\/wp-json\/wp\/v2\/comments?post=857"}],"version-history":[{"count":12,"href":"https:\/\/www.weecando.com\/en\/wp-json\/wp\/v2\/pages\/857\/revisions"}],"predecessor-version":[{"id":1491,"href":"https:\/\/www.weecando.com\/en\/wp-json\/wp\/v2\/pages\/857\/revisions\/1491"}],"wp:attachment":[{"href":"https:\/\/www.weecando.com\/en\/wp-json\/wp\/v2\/media?parent=857"}],"curies":[{"name":"wp","href":"https:\/\/api.w.org\/{rel}","templated":true}]}}