{"id":697,"date":"2024-01-25T15:41:44","date_gmt":"2024-01-25T14:41:44","guid":{"rendered":"https:\/\/www.weecando.com\/?page_id=697"},"modified":"2024-07-18T13:59:02","modified_gmt":"2024-07-18T12:59:02","slug":"kontakt","status":"publish","type":"page","link":"https:\/\/www.weecando.com\/en\/kontakt\/","title":{"rendered":"Kontakt"},"content":{"rendered":"<p><strong>Guidelight Sp\u00f3\u0142ka z Ograniczon\u0105 Odpowiedzialno\u015bci\u0105<\/strong><\/p>\n\n\n\n<p><strong>Telefon<\/strong>: 695 036 174<\/p>\n\n\n\n<p><strong>E-mail<\/strong>: guidelight.spzoo@gmail.com<\/p>\n\n\n\n<p><\/p>\n\n\n\n<p><strong>Dane do faktury:<\/strong><\/p>\n\n\n\n<p>Guidelight Sp\u00f3\u0142ka z Ograniczon\u0105 Odpowiedzialno\u015bci\u0105<\/p>\n\n\n\n<p>Adres: ul. Relaksowa 12\/17, 20-819 Lublin<\/p>\n\n\n\n<p>NIP: 7123462115<\/p>\n\n\n\n<p>REGON: 526499506<\/p>","protected":false},"excerpt":{"rendered":"<p>Guidelight Sp\u00f3\u0142ka z Ograniczon\u0105 Odpowiedzialno\u015bci\u0105 Telefon: 695 036 174 E-mail: guidelight.spzoo@gmail.com Dane do faktury: Guidelight Sp\u00f3\u0142ka z Ograniczon\u0105 Odpowiedzialno\u015bci\u0105 Adres: ul. Relaksowa 12\/17, 20-819 Lublin NIP: 7123462115 REGON: 526499506<\/p>","protected":false},"author":1,"featured_media":0,"parent":0,"menu_order":0,"comment_status":"closed","ping_status":"closed","template":"","meta":{"_eb_attr":"","footnotes":""},"class_list":["post-697","page","type-page","status-publish","hentry"],"blocksy_meta":[],"jetpack_sharing_enabled":true,"_links":{"self":[{"href":"https:\/\/www.weecando.com\/en\/wp-json\/wp\/v2\/pages\/697","targetHints":{"allow":["GET"]}}],"collection":[{"href":"https:\/\/www.weecando.com\/en\/wp-json\/wp\/v2\/pages"}],"about":[{"href":"https:\/\/www.weecando.com\/en\/wp-json\/wp\/v2\/types\/page"}],"author":[{"embeddable":true,"href":"https:\/\/www.weecando.com\/en\/wp-json\/wp\/v2\/users\/1"}],"replies":[{"embeddable":true,"href":"https:\/\/www.weecando.com\/en\/wp-json\/wp\/v2\/comments?post=697"}],"version-history":[{"count":4,"href":"https:\/\/www.weecando.com\/en\/wp-json\/wp\/v2\/pages\/697\/revisions"}],"predecessor-version":[{"id":963,"href":"https:\/\/www.weecando.com\/en\/wp-json\/wp\/v2\/pages\/697\/revisions\/963"}],"wp:attachment":[{"href":"https:\/\/www.weecando.com\/en\/wp-json\/wp\/v2\/media?parent=697"}],"curies":[{"name":"wp","href":"https:\/\/api.w.org\/{rel}","templated":true}]}}