{"id":6,"date":"2022-05-29T18:35:31","date_gmt":"2022-05-29T18:35:31","guid":{"rendered":"https:\/\/www.weecando.com\/?page_id=6"},"modified":"2024-07-09T18:23:07","modified_gmt":"2024-07-09T17:23:07","slug":"main-page","status":"publish","type":"page","link":"https:\/\/www.weecando.com\/en\/","title":{"rendered":""},"content":{"rendered":"<div class=\"wp-block-group is-layout-constrained wp-block-group-is-layout-constrained\">\n<div class=\"wp-block-columns is-layout-flex wp-container-core-columns-is-layout-28f84493 wp-block-columns-is-layout-flex\">\n<div class=\"wp-block-column is-layout-flow wp-block-column-is-layout-flow\" style=\"flex-basis:100%\">\n<div class=\"wp-block-cover is-light\" style=\"min-height:497px;aspect-ratio:unset;\"><span aria-hidden=\"true\" class=\"wp-block-cover__background has-background-dim\"><\/span><img fetchpriority=\"high\" decoding=\"async\" width=\"2245\" height=\"1587\" class=\"wp-block-cover__image-background wp-image-562\" alt=\"\" src=\"https:\/\/www.weecando.com\/wp-content\/uploads\/2024\/01\/Grafiki-pakietowe-2.png\" style=\"object-position:53% 78%\" data-object-fit=\"cover\" data-object-position=\"53% 78%\" srcset=\"https:\/\/www.weecando.com\/wp-content\/uploads\/2024\/01\/Grafiki-pakietowe-2.png 2245w, https:\/\/www.weecando.com\/wp-content\/uploads\/2024\/01\/Grafiki-pakietowe-2-300x212.png 300w, https:\/\/www.weecando.com\/wp-content\/uploads\/2024\/01\/Grafiki-pakietowe-2-600x424.png 600w, https:\/\/www.weecando.com\/wp-content\/uploads\/2024\/01\/Grafiki-pakietowe-2-1024x724.png 1024w, https:\/\/www.weecando.com\/wp-content\/uploads\/2024\/01\/Grafiki-pakietowe-2-768x543.png 768w, https:\/\/www.weecando.com\/wp-content\/uploads\/2024\/01\/Grafiki-pakietowe-2-1536x1086.png 1536w, https:\/\/www.weecando.com\/wp-content\/uploads\/2024\/01\/Grafiki-pakietowe-2-2048x1448.png 2048w, https:\/\/www.weecando.com\/wp-content\/uploads\/2024\/01\/Grafiki-pakietowe-2-1320x933.png 1320w\" sizes=\"(max-width: 2245px) 100vw, 2245px\" \/><div class=\"wp-block-cover__inner-container is-layout-flow wp-block-cover-is-layout-flow\">\n<p class=\"has-text-align-center has-palette-color-8-color has-text-color has-x-large-font-size\"><strong>THE WEEKEND IS YOURS<\/strong>&nbsp;&#8211; we can do it \ud83d\ude42<\/p>\n\n\n\n<p class=\"has-text-align-center has-palette-color-8-color has-text-color has-x-large-font-size\">Kupuj i sprzedawaj autorskie materia\u0142y edukacyjne<\/p>\n<\/div><\/div>\n<\/div>\n<\/div>\n<\/div>\n\n\n\n<div class=\"wp-block-group is-layout-constrained wp-block-group-is-layout-constrained\">\n<div class=\"wp-block-group is-layout-constrained wp-block-group-is-layout-constrained\">\n<div class=\"wp-block-essential-blocks-shape-divider\"><div class=\"eb-parent-wrapper eb-parent-eb-shape-divider-al72b6c\"><div class=\"eb-shape-divider-wrapper eb-shape-divider-al72b6c\"><div class=\"eb-shape-divider eb-shape-divider-top\" data-shape=\"style_1\" data-negative=\"false\"><svg xmlns=\"http:\/\/www.w3.org\/2000\/svg\" fill=\"none\" viewbox=\"0 0 1000 100\" preserveaspectratio=\"none\"><g clip-path=\"url(#eb-shape-divider-ocean-wave)\"><path class=\"eb-shape-divider-fill\" fill=\"#715AFF\" d=\"M0 97.79S101.82-.97 283.17 5.23c203.09 0 290.46 94.4 716.83 94.4V0H0v97.79Z\"><\/path><\/g><defs><clippath id=\"eb-shape-divider-ocean-wave\"><path fill=\"#fff\" class=\"eb-shape-divider-fill\" d=\"M0 0h1000v99.62H0z\"><\/path><\/clippath><\/defs><\/svg><\/div><\/div><\/div><\/div>\n<\/div>\n\n\n\n<p class=\"has-medium-font-size\">Weecando to przestrze\u0144, w kt\u00f3rej nauczyciele mog\u0105 wreszcie odnale\u017a\u0107 wolny weekend \ud83d\ude42<\/p>\n\n\n\n<p class=\"has-medium-font-size\">Brakuje Ci czasu na przygotowywanie ciekawych materia\u0142\u00f3w do zaj\u0119\u0107, a istniej\u0105ce materia\u0142y podr\u0119cznikowe nie s\u0105 dla Twoich uczni\u00f3w zadowalaj\u0105ce? Znajd\u017a gotowe pakiety niesamowitych pomocy dydaktycznych, kt\u00f3re o\u017cywi\u0105 Twoje zaj\u0119cia i sprawi\u0105, \u017ce uczniowie nie b\u0119d\u0105 chcieli ko\u0144czy\u0107 lekcji &#8211; a to wszystko bez wielogodzinnych przygotowywa\u0144!<\/p>\n\n\n\n<p class=\"has-medium-font-size\">Tworzysz materia\u0142y edukacyjne i chcia\u0142(a)by\u015b zacz\u0105\u0107 je sprzedawa\u0107? Zr\u00f3b to z Weecando &#8211; bez \u017cmudnych zmaga\u0144 z kwestiami technicznymi zak\u0142adania sklepu internetowego i bez wielogodzinnego r\u0119cznego wysy\u0142ania plik\u00f3w oraz sprawdzania wp\u0142at.<\/p>\n\n\n\n<div class=\"wp-block-group is-layout-constrained wp-block-group-is-layout-constrained\">\n<div class=\"wp-block-group is-layout-constrained wp-block-group-is-layout-constrained\">\n<div class=\"wp-block-group is-layout-constrained wp-block-group-is-layout-constrained\">\n<div class=\"wp-block-group is-layout-constrained wp-block-group-is-layout-constrained\">\n<div class=\"wp-block-group is-layout-constrained wp-block-group-is-layout-constrained\">\n<div class=\"wp-block-group is-layout-constrained wp-block-group-is-layout-constrained\">\n<div class=\"wp-block-group is-layout-constrained wp-block-group-is-layout-constrained\">\n<div class=\"wp-block-cover is-light\" style=\"min-height:497px;aspect-ratio:unset;\"><span aria-hidden=\"true\" class=\"wp-block-cover__background has-background-dim\"><\/span><img decoding=\"async\" width=\"2000\" height=\"1545\" class=\"wp-block-cover__image-background wp-image-592\" alt=\"\" src=\"https:\/\/www.weecando.com\/wp-content\/uploads\/2024\/01\/Weecando-Tucandi-1.png\" style=\"object-position:52% 21%\" data-object-fit=\"cover\" data-object-position=\"52% 21%\" srcset=\"https:\/\/www.weecando.com\/wp-content\/uploads\/2024\/01\/Weecando-Tucandi-1.png 2000w, https:\/\/www.weecando.com\/wp-content\/uploads\/2024\/01\/Weecando-Tucandi-1-300x232.png 300w, https:\/\/www.weecando.com\/wp-content\/uploads\/2024\/01\/Weecando-Tucandi-1-600x464.png 600w, https:\/\/www.weecando.com\/wp-content\/uploads\/2024\/01\/Weecando-Tucandi-1-1024x791.png 1024w, https:\/\/www.weecando.com\/wp-content\/uploads\/2024\/01\/Weecando-Tucandi-1-768x593.png 768w, https:\/\/www.weecando.com\/wp-content\/uploads\/2024\/01\/Weecando-Tucandi-1-1536x1187.png 1536w, https:\/\/www.weecando.com\/wp-content\/uploads\/2024\/01\/Weecando-Tucandi-1-1320x1020.png 1320w\" sizes=\"(max-width: 2000px) 100vw, 2000px\" \/><div class=\"wp-block-cover__inner-container is-layout-flow wp-block-cover-is-layout-flow\">\n<p class=\"has-text-align-center has-palette-color-8-color has-text-color has-x-large-font-size\">Zacznij wolny weekend z Weecando!<\/p>\n\n\n\n<div class=\"wp-block-buttons is-vertical is-content-justification-center is-layout-flex wp-container-core-buttons-is-layout-18b2b19f wp-block-buttons-is-layout-flex\">\n<div class=\"wp-block-button has-custom-width wp-block-button__width-50 has-custom-font-size is-style-fill has-medium-font-size\"><a class=\"wp-block-button__link has-gtb-color-7-color has-pale-pink-background-color has-text-color has-background wp-element-button\" href=\"https:\/\/www.weecando.com\/en\/my-account\/\">Zarejestruj si\u0119<\/a><\/div>\n<\/div>\n<\/div><\/div>\n<\/div>\n<\/div>\n<\/div>\n<\/div>\n<\/div>\n<\/div>\n<\/div>\n<\/div>","protected":false},"excerpt":{"rendered":"<p>Weecando to przestrze\u0144, w kt\u00f3rej nauczyciele mog\u0105 wreszcie odnale\u017a\u0107 wolny weekend \ud83d\ude42 Brakuje Ci czasu na przygotowywanie ciekawych materia\u0142\u00f3w do zaj\u0119\u0107, a istniej\u0105ce materia\u0142y podr\u0119cznikowe nie s\u0105 dla Twoich uczni\u00f3w zadowalaj\u0105ce? Znajd\u017a gotowe pakiety niesamowitych pomocy dydaktycznych, kt\u00f3re o\u017cywi\u0105 Twoje zaj\u0119cia i sprawi\u0105, \u017ce uczniowie nie b\u0119d\u0105 chcieli ko\u0144czy\u0107 lekcji &#8211; a to wszystko bez [&hellip;]<\/p>","protected":false},"author":1,"featured_media":0,"parent":0,"menu_order":0,"comment_status":"closed","ping_status":"closed","template":"","meta":{"_eb_attr":"","footnotes":""},"class_list":["post-6","page","type-page","status-publish","hentry"],"blocksy_meta":[],"jetpack_sharing_enabled":true,"_links":{"self":[{"href":"https:\/\/www.weecando.com\/en\/wp-json\/wp\/v2\/pages\/6","targetHints":{"allow":["GET"]}}],"collection":[{"href":"https:\/\/www.weecando.com\/en\/wp-json\/wp\/v2\/pages"}],"about":[{"href":"https:\/\/www.weecando.com\/en\/wp-json\/wp\/v2\/types\/page"}],"author":[{"embeddable":true,"href":"https:\/\/www.weecando.com\/en\/wp-json\/wp\/v2\/users\/1"}],"replies":[{"embeddable":true,"href":"https:\/\/www.weecando.com\/en\/wp-json\/wp\/v2\/comments?post=6"}],"version-history":[{"count":61,"href":"https:\/\/www.weecando.com\/en\/wp-json\/wp\/v2\/pages\/6\/revisions"}],"predecessor-version":[{"id":1483,"href":"https:\/\/www.weecando.com\/en\/wp-json\/wp\/v2\/pages\/6\/revisions\/1483"}],"wp:attachment":[{"href":"https:\/\/www.weecando.com\/en\/wp-json\/wp\/v2\/media?parent=6"}],"curies":[{"name":"wp","href":"https:\/\/api.w.org\/{rel}","templated":true}]}}